{"id":20,"date":"2023-04-17T08:27:13","date_gmt":"2023-04-17T11:27:13","guid":{"rendered":"https:\/\/casadaessencia.com\/?page_id=20"},"modified":"2023-12-14T10:09:19","modified_gmt":"2023-12-14T13:09:19","slug":"meditacao","status":"publish","type":"page","link":"https:\/\/casadaessencia.com\/pt_br\/meditacao\/","title":{"rendered":"Medita\u00e7\u00e3o"},"content":{"rendered":"\t\t<div data-elementor-type=\"wp-page\" data-elementor-id=\"20\" class=\"elementor elementor-20\">\n\t\t\t\t<div class=\"elementor-element elementor-element-2299ece e-flex e-con-boxed e-con e-parent\" data-id=\"2299ece\" data-element_type=\"container\" data-e-type=\"container\">\n\t\t\t\t\t<div class=\"e-con-inner\">\n\t\t<div class=\"elementor-element elementor-element-0ad748f e-flex e-con-boxed e-con e-child\" data-id=\"0ad748f\" data-element_type=\"container\" data-e-type=\"container\">\n\t\t\t\t\t<div class=\"e-con-inner\">\n\t\t\t\t<div class=\"elementor-element elementor-element-91230c7 elementor-widget elementor-widget-text-editor\" data-id=\"91230c7\" data-element_type=\"widget\" data-e-type=\"widget\" data-widget_type=\"text-editor.default\">\n\t\t\t\t<div class=\"elementor-widget-container\">\n\t\t\t\t\t\t\t\t\t<p>H\u00e1 mais de 30 anos a medita\u00e7\u00e3o faz milagres na minha vida. Quando eu entrei em contato com a medita\u00e7\u00e3o, aos 20 anos, a vida estava sem gra\u00e7a. Estava no \u00faltimo ano da faculdade, j\u00e1 trabalhando e ganhando meu dinheiro, num relacionamento \u201cs\u00e9rio\u201d, com o futuro \u201cdourado\u201d todo planejado e em execu\u00e7\u00e3o&#8230; e me sentia vazia. Minha vida parecia ser um sucesso em todas as \u00e1reas e eu s\u00f3 me perguntava \u201cent\u00e3o \u00e9 isso?\u201d. Eu n\u00e3o queria acreditar que a vida era s\u00f3 isso. E se fosse, que t\u00e9dio! E essa divina inquieta\u00e7\u00e3o me levou a explorar caminhos inusitados, a medita\u00e7\u00e3o foi um deles.<\/p><p>Primeira experi\u00eancia foi com as medita\u00e7\u00f5es ativas. Fiquei muito impressionada pois, antes delas me levarem ao relaxamento e conex\u00e3o com o sil\u00eancio potente dentro de mim, elas me reviravam do avesso, mexendo com meu corpo, meus sentimentos, toda minha energia! Era como me chacoalhar pra fora de uma pele que at\u00e9 ent\u00e3o eu acreditava ser a minha para ficar ali, de alma nua e muito viva. A medita\u00e7\u00e3o chegou pra mim como um caminho de revelar a realidade. E o jeito de fazer isso era descascando tudo que n\u00e3o \u00e9 real. Mais f\u00e1cil falar do que fazer, pois nossos jeitos artificiais de lidar com a vida v\u00e3o grudando na gente, virando uma esp\u00e9cie de segunda pele, por isso mesmo h\u00e1 que descasc\u00e1-la.<\/p><p>Logo em seguida tamb\u00e9m entrei em contato com as t\u00e9cnicas passivas, o Zazen e a Vipassana. Tamb\u00e9m me encantou. De uma outra forma, elas tamb\u00e9m convidam a gente a abrir m\u00e3o, tamb\u00e9m \u201cdescascam\u201d. Ao sentar em sil\u00eancio muitos barulhos internos surgem, do corpo, dos pensamentos, das emo\u00e7\u00f5es&#8230; e esses barulhos s\u00e3o muito sedutores (at\u00e9 os desagrad\u00e1veis) e \u00e9 f\u00e1cil se perder neles. Ficar observando esse carrosel ca\u00f3tico de distra\u00e7\u00f5es sem ser abduzida por ele \u00e9 um grande desafio, e uma b\u00ean\u00e7\u00e3o.<\/p><p>Me encantou descobrir como o tempo era relativo quando eu estava meditando, como minha mente conseguia ter muito mais clareza e foco e como eu j\u00e1 n\u00e3o me tornava ref\u00e9m das minhas emo\u00e7\u00f5es t\u00e3o facilmente.<\/p>\t\t\t\t\t\t\t\t<\/div>\n\t\t\t\t<\/div>\n\t\t\t\t<div class=\"elementor-element elementor-element-571b0f0 elementor-widget elementor-widget-heading\" data-id=\"571b0f0\" data-element_type=\"widget\" data-e-type=\"widget\" data-widget_type=\"heading.default\">\n\t\t\t\t<div class=\"elementor-widget-container\">\n\t\t\t\t\t<h4 class=\"elementor-heading-title elementor-size-default\">E pronto, a medita\u00e7\u00e3o virou uma ferramenta indispens\u00e1vel nessa aventura da vida. <\/h4>\t\t\t\t<\/div>\n\t\t\t\t<\/div>\n\t\t\t\t<div class=\"elementor-element elementor-element-8770411 elementor-widget elementor-widget-text-editor\" data-id=\"8770411\" data-element_type=\"widget\" data-e-type=\"widget\" data-widget_type=\"text-editor.default\">\n\t\t\t\t<div class=\"elementor-widget-container\">\n\t\t\t\t\t\t\t\t\t<p>Parece dif\u00edcil meditar, mas n\u00e3o precisa ser. Em qualquer t\u00e9cnica de medita\u00e7\u00e3o a gente \u00e9 convidado a abrir m\u00e3o dos padr\u00f5es conhecidos, de pensar, sentir, agir. Voltar a uma inoc\u00eancia de crian\u00e7a, mas nem um pouco infantil, onde existe abertura pra conectar com o momento presente.<\/p><p>Onde a gente fica dispon\u00edvel pra experienciar a realidade com todas suas surpresas e pot\u00eancia. E isso tudo \u00e9 muito l\u00f3gico, afinal, n\u00e3o \u00e9 repetindo os caminhos conhecidos que a gente vai descobrir novas paisagens. E a vida t\u00e1 sempre oferecendo novas paisagens, apesar da nossa teimosia em nos mantermos nos mesmos caminhos.<\/p>\t\t\t\t\t\t\t\t<\/div>\n\t\t\t\t<\/div>\n\t\t\t\t<div class=\"elementor-element elementor-element-eed732a elementor-widget elementor-widget-heading\" data-id=\"eed732a\" data-element_type=\"widget\" data-e-type=\"widget\" data-widget_type=\"heading.default\">\n\t\t\t\t<div class=\"elementor-widget-container\">\n\t\t\t\t\t<h3 class=\"elementor-heading-title elementor-size-default\">Medita\u00e7\u00f5es Ativas<\/h3>\t\t\t\t<\/div>\n\t\t\t\t<\/div>\n\t\t\t\t<div class=\"elementor-element elementor-element-a9bb639 elementor-widget elementor-widget-text-editor\" data-id=\"a9bb639\" data-element_type=\"widget\" data-e-type=\"widget\" data-widget_type=\"text-editor.default\">\n\t\t\t\t<div class=\"elementor-widget-container\">\n\t\t\t\t\t\t\t\t\t<p>Criadas pelo mestre indiano Osho, elas tem o objetivo de ajudar a gente a silenciar. Se voc\u00ea j\u00e1 tentou fazer medita\u00e7\u00e3o silenciosa, voc\u00ea sabe da dificuldade em aquietar a cabe\u00e7a e o corpo ainda que por alguns minutos.<\/p><p>Os pensamentos parecem uma banda de heavy metal num show ca\u00f3tico, o corpo parece lembrar de todas as possibilidades de dor f\u00edsica dispon\u00edveis e de repente estar sentada sem fazer nada passa a ser o pior castigo que eu j\u00e1 vivi&#8230; Por isso as medita\u00e7\u00f5es ativas come\u00e7am com a\u00e7\u00e3o, movimento, espa\u00e7o pro nosso barulho interno.<\/p><p>Focando em um movimento espec\u00edfico a gente n\u00e3o \u201cfor\u00e7a\u201d o corpo e a cabe\u00e7a a parar, s\u00f3 direciona essa energia pra uma a\u00e7\u00e3o n\u00e3o determinada pelo ego. Com esse truquezinho fica mais f\u00e1cil de relaxar e silenciar depois, o que \u00e9 o prosseguimento de todas as medita\u00e7\u00f5es ativas.<\/p><p>Cada t\u00e9cnica tem seu jeitinho pr\u00f3prio de fazer isso, por isso \u00e9 bom conhecer v\u00e1rias, at\u00e9 encontrar a que mais voc\u00ea se identifica, o que tamb\u00e9m pode mudar de um momento para outro.<\/p><p>Primeira medita\u00e7\u00e3o ativa que eu fiz na vida foi a Medita\u00e7\u00e3o Din\u00e2mica. Comecei bem, quem j\u00e1 fez, sabe. A \u201cDin\u00e2mica\u201d \u00e9 aquele tsunami energ\u00e9tico que n\u00e3o deixa pedra sobre pedra na nossa \u201corganiza\u00e7\u00e3o neur\u00f3tica\u201d \u2013 se a gente se entregar pra ela. A Medita\u00e7\u00e3o Din\u00e2mica \u00e9 a t\u00e9cnica de Medita\u00e7\u00e3o Ativa que eu considero mais intensa e radical. N\u00e3o \u00e9 gostosa, facinha&#8230; requer toda nossa energia e, por isso mesmo, nos coloca em contato com ela e com os bloqueios para acess\u00e1-la. Por ser t\u00e3o forte para o corpo e para os sentimentos, a gente tem que avaliar se \u201cd\u00e1 conta\u201d do tranco. Se o corpo e a mente est\u00e3o prontos pra encarar a aventura. E uma vez que estejam, \u00e9 pra se jogar como se n\u00e3o houvesse amanh\u00e3, porque a gente acaba descobrindo que realmente n\u00e3o h\u00e1, s\u00f3 h\u00e1 aqui, agora.<\/p><p>Existem muitas outras t\u00e9cnicas de Medita\u00e7\u00e3o Ativa. Na p\u00e1gina osho.com\u00a0 voc\u00ea encontra as explica\u00e7\u00f5es de cada uma. As m\u00fasicas est\u00e3o dispon\u00edveis no Spotify.<\/p>\t\t\t\t\t\t\t\t<\/div>\n\t\t\t\t<\/div>\n\t\t\t\t\t<\/div>\n\t\t\t\t<\/div>\n\t\t\t\t<div class=\"elementor-element elementor-element-bf3c283 elementor-widget elementor-widget-heading\" data-id=\"bf3c283\" data-element_type=\"widget\" data-e-type=\"widget\" data-widget_type=\"heading.default\">\n\t\t\t\t<div class=\"elementor-widget-container\">\n\t\t\t\t\t<h3 class=\"elementor-heading-title elementor-size-default\">Medita\u00e7\u00f5es Guiadas<\/h3>\t\t\t\t<\/div>\n\t\t\t\t<\/div>\n\t\t\t\t<div class=\"elementor-element elementor-element-dfa2f80 elementor-widget elementor-widget-text-editor\" data-id=\"dfa2f80\" data-element_type=\"widget\" data-e-type=\"widget\" data-widget_type=\"text-editor.default\">\n\t\t\t\t<div class=\"elementor-widget-container\">\n\t\t\t\t\t\t\t\t\t<p>Aqui voc\u00ea encontra algumas medita\u00e7\u00f5es guiadas por mim, um bom come\u00e7o pra quem tem dificuldade de silenciar a s\u00f3s.<\/p>\t\t\t\t\t\t\t\t<\/div>\n\t\t\t\t<\/div>\n\t\t<div class=\"elementor-element elementor-element-e4e2f1f e-flex e-con-boxed e-con e-child\" data-id=\"e4e2f1f\" data-element_type=\"container\" data-e-type=\"container\">\n\t\t\t\t\t<div class=\"e-con-inner\">\n\t\t<div class=\"elementor-element elementor-element-9e46da2 e-flex e-con-boxed e-con e-child\" data-id=\"9e46da2\" data-element_type=\"container\" data-e-type=\"container\">\n\t\t\t\t\t<div class=\"e-con-inner\">\n\t\t\t\t<div class=\"elementor-element elementor-element-b6a99c5 elementor-widget elementor-widget-video\" data-id=\"b6a99c5\" data-element_type=\"widget\" data-e-type=\"widget\" data-settings=\"{&quot;youtube_url&quot;:&quot;https:\\\/\\\/www.youtube.com\\\/watch?v=_dN9_tWkgzw&amp;t=21s&quot;,&quot;show_image_overlay&quot;:&quot;yes&quot;,&quot;image_overlay&quot;:{&quot;url&quot;:&quot;https:\\\/\\\/casadaessencia.com\\\/wp-content\\\/uploads\\\/2023\\\/05\\\/capas-videos-youtu-02-1.webp&quot;,&quot;id&quot;:554,&quot;size&quot;:&quot;&quot;,&quot;alt&quot;:&quot;&quot;,&quot;source&quot;:&quot;library&quot;},&quot;video_type&quot;:&quot;youtube&quot;,&quot;controls&quot;:&quot;yes&quot;}\" data-widget_type=\"video.default\">\n\t\t\t\t<div class=\"elementor-widget-container\">\n\t\t\t\t\t\t\t<div class=\"elementor-wrapper elementor-open-inline\">\n\t\t\t<div class=\"elementor-video\"><\/div>\t\t\t\t<div class=\"elementor-custom-embed-image-overlay\" style=\"background-image: url(https:\/\/casadaessencia.com\/wp-content\/uploads\/2023\/05\/capas-videos-youtu-02-1-768x628.webp);\">\n\t\t\t\t\t\t\t\t\t\t\t\t\t\t\t\t<div class=\"elementor-custom-embed-play\" role=\"button\" aria-label=\"Reproduzir v\u00eddeo\" tabindex=\"0\">\n\t\t\t\t\t\t\t<svg aria-hidden=\"true\" class=\"e-font-icon-svg e-eicon-play\" viewBox=\"0 0 1000 1000\" xmlns=\"http:\/\/www.w3.org\/2000\/svg\"><path d=\"M838 162C746 71 633 25 500 25 371 25 258 71 163 162 71 254 25 367 25 500 25 633 71 746 163 837 254 929 367 979 500 979 633 979 746 933 838 837 929 746 975 633 975 500 975 367 929 254 838 162M808 192C892 279 933 379 933 500 933 621 892 725 808 808 725 892 621 938 500 938 379 938 279 896 196 808 113 725 67 621 67 500 67 379 108 279 196 192 279 108 383 62 500 62 621 62 721 108 808 192M438 392V642L642 517 438 392Z\"><\/path><\/svg>\t\t\t\t\t\t<\/div>\n\t\t\t\t\t\t\t\t\t<\/div>\n\t\t\t\t\t<\/div>\n\t\t\t\t\t\t<\/div>\n\t\t\t\t<\/div>\n\t\t\t\t\t<\/div>\n\t\t\t\t<\/div>\n\t\t<div class=\"elementor-element elementor-element-0d8ecdd e-flex e-con-boxed e-con e-child\" data-id=\"0d8ecdd\" data-element_type=\"container\" data-e-type=\"container\">\n\t\t\t\t\t<div class=\"e-con-inner\">\n\t\t\t\t<div class=\"elementor-element elementor-element-03ccacd elementor-widget elementor-widget-video\" data-id=\"03ccacd\" data-element_type=\"widget\" data-e-type=\"widget\" data-settings=\"{&quot;youtube_url&quot;:&quot;https:\\\/\\\/www.youtube.com\\\/watch?v=KJJ_SICOOVU&quot;,&quot;show_image_overlay&quot;:&quot;yes&quot;,&quot;image_overlay&quot;:{&quot;url&quot;:&quot;https:\\\/\\\/casadaessencia.com\\\/wp-content\\\/uploads\\\/2023\\\/05\\\/capas-videos-youtu-01-1.webp&quot;,&quot;id&quot;:553,&quot;size&quot;:&quot;&quot;,&quot;alt&quot;:&quot;&quot;,&quot;source&quot;:&quot;library&quot;},&quot;video_type&quot;:&quot;youtube&quot;,&quot;controls&quot;:&quot;yes&quot;}\" data-widget_type=\"video.default\">\n\t\t\t\t<div class=\"elementor-widget-container\">\n\t\t\t\t\t\t\t<div class=\"elementor-wrapper elementor-open-inline\">\n\t\t\t<div class=\"elementor-video\"><\/div>\t\t\t\t<div class=\"elementor-custom-embed-image-overlay\" style=\"background-image: url(https:\/\/casadaessencia.com\/wp-content\/uploads\/2023\/05\/capas-videos-youtu-01-1-768x628.webp);\">\n\t\t\t\t\t\t\t\t\t\t\t\t\t\t\t\t<div class=\"elementor-custom-embed-play\" role=\"button\" aria-label=\"Reproduzir v\u00eddeo\" tabindex=\"0\">\n\t\t\t\t\t\t\t<svg aria-hidden=\"true\" class=\"e-font-icon-svg e-eicon-play\" viewBox=\"0 0 1000 1000\" xmlns=\"http:\/\/www.w3.org\/2000\/svg\"><path d=\"M838 162C746 71 633 25 500 25 371 25 258 71 163 162 71 254 25 367 25 500 25 633 71 746 163 837 254 929 367 979 500 979 633 979 746 933 838 837 929 746 975 633 975 500 975 367 929 254 838 162M808 192C892 279 933 379 933 500 933 621 892 725 808 808 725 892 621 938 500 938 379 938 279 896 196 808 113 725 67 621 67 500 67 379 108 279 196 192 279 108 383 62 500 62 621 62 721 108 808 192M438 392V642L642 517 438 392Z\"><\/path><\/svg>\t\t\t\t\t\t<\/div>\n\t\t\t\t\t\t\t\t\t<\/div>\n\t\t\t\t\t<\/div>\n\t\t\t\t\t\t<\/div>\n\t\t\t\t<\/div>\n\t\t\t\t\t<\/div>\n\t\t\t\t<\/div>\n\t\t<div class=\"elementor-element elementor-element-052c5b0 e-flex e-con-boxed e-con e-child\" data-id=\"052c5b0\" data-element_type=\"container\" data-e-type=\"container\">\n\t\t\t\t\t<div class=\"e-con-inner\">\n\t\t\t\t<div class=\"elementor-element elementor-element-8bcc51c elementor-widget elementor-widget-video\" data-id=\"8bcc51c\" data-element_type=\"widget\" data-e-type=\"widget\" data-settings=\"{&quot;youtube_url&quot;:&quot;https:\\\/\\\/www.youtube.com\\\/watch?v=rbdj3FY8tcg&amp;t=8s&quot;,&quot;show_image_overlay&quot;:&quot;yes&quot;,&quot;image_overlay&quot;:{&quot;url&quot;:&quot;https:\\\/\\\/casadaessencia.com\\\/wp-content\\\/uploads\\\/2023\\\/05\\\/capas-videos-youtu-03-1.webp&quot;,&quot;id&quot;:555,&quot;size&quot;:&quot;&quot;,&quot;alt&quot;:&quot;&quot;,&quot;source&quot;:&quot;library&quot;},&quot;video_type&quot;:&quot;youtube&quot;,&quot;controls&quot;:&quot;yes&quot;}\" data-widget_type=\"video.default\">\n\t\t\t\t<div class=\"elementor-widget-container\">\n\t\t\t\t\t\t\t<div class=\"elementor-wrapper elementor-open-inline\">\n\t\t\t<div class=\"elementor-video\"><\/div>\t\t\t\t<div class=\"elementor-custom-embed-image-overlay\" style=\"background-image: url(https:\/\/casadaessencia.com\/wp-content\/uploads\/2023\/05\/capas-videos-youtu-03-1-768x628.webp);\">\n\t\t\t\t\t\t\t\t\t\t\t\t\t\t\t\t<div class=\"elementor-custom-embed-play\" role=\"button\" aria-label=\"Reproduzir v\u00eddeo\" tabindex=\"0\">\n\t\t\t\t\t\t\t<svg aria-hidden=\"true\" class=\"e-font-icon-svg e-eicon-play\" viewBox=\"0 0 1000 1000\" xmlns=\"http:\/\/www.w3.org\/2000\/svg\"><path d=\"M838 162C746 71 633 25 500 25 371 25 258 71 163 162 71 254 25 367 25 500 25 633 71 746 163 837 254 929 367 979 500 979 633 979 746 933 838 837 929 746 975 633 975 500 975 367 929 254 838 162M808 192C892 279 933 379 933 500 933 621 892 725 808 808 725 892 621 938 500 938 379 938 279 896 196 808 113 725 67 621 67 500 67 379 108 279 196 192 279 108 383 62 500 62 621 62 721 108 808 192M438 392V642L642 517 438 392Z\"><\/path><\/svg>\t\t\t\t\t\t<\/div>\n\t\t\t\t\t\t\t\t\t<\/div>\n\t\t\t\t\t<\/div>\n\t\t\t\t\t\t<\/div>\n\t\t\t\t<\/div>\n\t\t\t\t\t<\/div>\n\t\t\t\t<\/div>\n\t\t<div class=\"elementor-element elementor-element-cde9cb1 e-flex e-con-boxed e-con e-child\" data-id=\"cde9cb1\" data-element_type=\"container\" data-e-type=\"container\">\n\t\t\t\t\t<div class=\"e-con-inner\">\n\t\t\t\t<div class=\"elementor-element elementor-element-b44c05e elementor-widget elementor-widget-video\" data-id=\"b44c05e\" data-element_type=\"widget\" data-e-type=\"widget\" data-settings=\"{&quot;youtube_url&quot;:&quot;https:\\\/\\\/www.youtube.com\\\/watch?v=fhzKHtu-xuA&quot;,&quot;show_image_overlay&quot;:&quot;yes&quot;,&quot;image_overlay&quot;:{&quot;url&quot;:&quot;https:\\\/\\\/casadaessencia.com\\\/wp-content\\\/uploads\\\/2023\\\/12\\\/Capas-Videos-04.webp&quot;,&quot;id&quot;:1255,&quot;size&quot;:&quot;&quot;,&quot;alt&quot;:&quot;&quot;,&quot;source&quot;:&quot;library&quot;},&quot;video_type&quot;:&quot;youtube&quot;,&quot;controls&quot;:&quot;yes&quot;}\" data-widget_type=\"video.default\">\n\t\t\t\t<div class=\"elementor-widget-container\">\n\t\t\t\t\t\t\t<div class=\"elementor-wrapper elementor-open-inline\">\n\t\t\t<div class=\"elementor-video\"><\/div>\t\t\t\t<div class=\"elementor-custom-embed-image-overlay\" style=\"background-image: url(https:\/\/casadaessencia.com\/wp-content\/uploads\/2023\/12\/Capas-Videos-04-768x628.webp);\">\n\t\t\t\t\t\t\t\t\t\t\t\t\t\t\t\t<div class=\"elementor-custom-embed-play\" role=\"button\" aria-label=\"Reproduzir v\u00eddeo\" tabindex=\"0\">\n\t\t\t\t\t\t\t<svg aria-hidden=\"true\" class=\"e-font-icon-svg e-eicon-play\" viewBox=\"0 0 1000 1000\" xmlns=\"http:\/\/www.w3.org\/2000\/svg\"><path d=\"M838 162C746 71 633 25 500 25 371 25 258 71 163 162 71 254 25 367 25 500 25 633 71 746 163 837 254 929 367 979 500 979 633 979 746 933 838 837 929 746 975 633 975 500 975 367 929 254 838 162M808 192C892 279 933 379 933 500 933 621 892 725 808 808 725 892 621 938 500 938 379 938 279 896 196 808 113 725 67 621 67 500 67 379 108 279 196 192 279 108 383 62 500 62 621 62 721 108 808 192M438 392V642L642 517 438 392Z\"><\/path><\/svg>\t\t\t\t\t\t<\/div>\n\t\t\t\t\t\t\t\t\t<\/div>\n\t\t\t\t\t<\/div>\n\t\t\t\t\t\t<\/div>\n\t\t\t\t<\/div>\n\t\t\t\t\t<\/div>\n\t\t\t\t<\/div>\n\t\t\t\t\t<\/div>\n\t\t\t\t<\/div>\n\t\t\t\t\t<\/div>\n\t\t\t\t<\/div>\n\t\t\t\t<\/div>\n\t\t","protected":false},"excerpt":{"rendered":"<p>H\u00e1 mais de 30 anos a medita\u00e7\u00e3o faz milagres na minha vida. Quando eu entrei em contato com a medita\u00e7\u00e3o, aos 20 anos, a vida estava sem gra\u00e7a. Estava no [&hellip;]<\/p>\n","protected":false},"author":1,"featured_media":0,"parent":0,"menu_order":0,"comment_status":"closed","ping_status":"closed","template":"elementor_header_footer","meta":{"_joinchat":[],"footnotes":"","_links_to":"","_links_to_target":""},"class_list":["post-20","page","type-page","status-publish","hentry"],"yoast_head":"<!-- This site is optimized with the Yoast SEO plugin v27.4 - https:\/\/yoast.com\/product\/yoast-seo-wordpress\/ -->\n<title>Medita\u00e7\u00e3o - Pavita<\/title>\n<meta name=\"robots\" content=\"index, follow, max-snippet:-1, max-image-preview:large, max-video-preview:-1\" \/>\n<link rel=\"canonical\" href=\"https:\/\/casadaessencia.com\/pt_br\/meditacao\/\" \/>\n<meta property=\"og:locale\" content=\"pt_BR\" \/>\n<meta property=\"og:type\" content=\"article\" \/>\n<meta property=\"og:title\" content=\"Medita\u00e7\u00e3o - Pavita\" \/>\n<meta property=\"og:description\" content=\"H\u00e1 mais de 30 anos a medita\u00e7\u00e3o faz milagres na minha vida. Quando eu entrei em contato com a medita\u00e7\u00e3o, aos 20 anos, a vida estava sem gra\u00e7a. Estava no [&hellip;]\" \/>\n<meta property=\"og:url\" content=\"https:\/\/casadaessencia.com\/pt_br\/meditacao\/\" \/>\n<meta property=\"og:site_name\" content=\"Pavita\" \/>\n<meta property=\"article:modified_time\" content=\"2023-12-14T13:09:19+00:00\" \/>\n<meta name=\"twitter:card\" content=\"summary_large_image\" \/>\n<meta name=\"twitter:label1\" content=\"Est. tempo de leitura\" \/>\n\t<meta name=\"twitter:data1\" content=\"5 minutos\" \/>\n<script type=\"application\/ld+json\" class=\"yoast-schema-graph\">{\"@context\":\"https:\\\/\\\/schema.org\",\"@graph\":[{\"@type\":\"WebPage\",\"@id\":\"https:\\\/\\\/casadaessencia.com\\\/meditacao\\\/\",\"url\":\"https:\\\/\\\/casadaessencia.com\\\/meditacao\\\/\",\"name\":\"Medita\u00e7\u00e3o - Pavita\",\"isPartOf\":{\"@id\":\"https:\\\/\\\/casadaessencia.com\\\/pt_br\\\/#website\"},\"datePublished\":\"2023-04-17T11:27:13+00:00\",\"dateModified\":\"2023-12-14T13:09:19+00:00\",\"breadcrumb\":{\"@id\":\"https:\\\/\\\/casadaessencia.com\\\/meditacao\\\/#breadcrumb\"},\"inLanguage\":\"pt-BR\",\"potentialAction\":[{\"@type\":\"ReadAction\",\"target\":[\"https:\\\/\\\/casadaessencia.com\\\/meditacao\\\/\"]}]},{\"@type\":\"BreadcrumbList\",\"@id\":\"https:\\\/\\\/casadaessencia.com\\\/meditacao\\\/#breadcrumb\",\"itemListElement\":[{\"@type\":\"ListItem\",\"position\":1,\"name\":\"In\u00edcio\",\"item\":\"https:\\\/\\\/casadaessencia.com\\\/\"},{\"@type\":\"ListItem\",\"position\":2,\"name\":\"Medita\u00e7\u00e3o\"}]},{\"@type\":\"WebSite\",\"@id\":\"https:\\\/\\\/casadaessencia.com\\\/pt_br\\\/#website\",\"url\":\"https:\\\/\\\/casadaessencia.com\\\/pt_br\\\/\",\"name\":\"Pavita\",\"description\":\"aventuras de auto-descoberta\",\"publisher\":{\"@id\":\"https:\\\/\\\/casadaessencia.com\\\/pt_br\\\/#organization\"},\"potentialAction\":[{\"@type\":\"SearchAction\",\"target\":{\"@type\":\"EntryPoint\",\"urlTemplate\":\"https:\\\/\\\/casadaessencia.com\\\/pt_br\\\/?s={search_term_string}\"},\"query-input\":{\"@type\":\"PropertyValueSpecification\",\"valueRequired\":true,\"valueName\":\"search_term_string\"}}],\"inLanguage\":\"pt-BR\"},{\"@type\":\"Organization\",\"@id\":\"https:\\\/\\\/casadaessencia.com\\\/pt_br\\\/#organization\",\"name\":\"Pavita\",\"url\":\"https:\\\/\\\/casadaessencia.com\\\/pt_br\\\/\",\"logo\":{\"@type\":\"ImageObject\",\"inLanguage\":\"pt-BR\",\"@id\":\"https:\\\/\\\/casadaessencia.com\\\/pt_br\\\/#\\\/schema\\\/logo\\\/image\\\/\",\"url\":\"https:\\\/\\\/casadaessencia.com\\\/wp-content\\\/uploads\\\/2023\\\/02\\\/Logo-Pavita.webp\",\"contentUrl\":\"https:\\\/\\\/casadaessencia.com\\\/wp-content\\\/uploads\\\/2023\\\/02\\\/Logo-Pavita.webp\",\"width\":400,\"height\":150,\"caption\":\"Pavita\"},\"image\":{\"@id\":\"https:\\\/\\\/casadaessencia.com\\\/pt_br\\\/#\\\/schema\\\/logo\\\/image\\\/\"}}]}<\/script>\n<!-- \/ Yoast SEO plugin. -->","yoast_head_json":{"title":"Medita\u00e7\u00e3o - Pavita","robots":{"index":"index","follow":"follow","max-snippet":"max-snippet:-1","max-image-preview":"max-image-preview:large","max-video-preview":"max-video-preview:-1"},"canonical":"https:\/\/casadaessencia.com\/pt_br\/meditacao\/","og_locale":"pt_BR","og_type":"article","og_title":"Medita\u00e7\u00e3o - Pavita","og_description":"H\u00e1 mais de 30 anos a medita\u00e7\u00e3o faz milagres na minha vida. Quando eu entrei em contato com a medita\u00e7\u00e3o, aos 20 anos, a vida estava sem gra\u00e7a. Estava no [&hellip;]","og_url":"https:\/\/casadaessencia.com\/pt_br\/meditacao\/","og_site_name":"Pavita","article_modified_time":"2023-12-14T13:09:19+00:00","twitter_card":"summary_large_image","twitter_misc":{"Est. tempo de leitura":"5 minutos"},"schema":{"@context":"https:\/\/schema.org","@graph":[{"@type":"WebPage","@id":"https:\/\/casadaessencia.com\/meditacao\/","url":"https:\/\/casadaessencia.com\/meditacao\/","name":"Medita\u00e7\u00e3o - Pavita","isPartOf":{"@id":"https:\/\/casadaessencia.com\/pt_br\/#website"},"datePublished":"2023-04-17T11:27:13+00:00","dateModified":"2023-12-14T13:09:19+00:00","breadcrumb":{"@id":"https:\/\/casadaessencia.com\/meditacao\/#breadcrumb"},"inLanguage":"pt-BR","potentialAction":[{"@type":"ReadAction","target":["https:\/\/casadaessencia.com\/meditacao\/"]}]},{"@type":"BreadcrumbList","@id":"https:\/\/casadaessencia.com\/meditacao\/#breadcrumb","itemListElement":[{"@type":"ListItem","position":1,"name":"In\u00edcio","item":"https:\/\/casadaessencia.com\/"},{"@type":"ListItem","position":2,"name":"Medita\u00e7\u00e3o"}]},{"@type":"WebSite","@id":"https:\/\/casadaessencia.com\/pt_br\/#website","url":"https:\/\/casadaessencia.com\/pt_br\/","name":"Pavita","description":"aventuras de auto-descoberta","publisher":{"@id":"https:\/\/casadaessencia.com\/pt_br\/#organization"},"potentialAction":[{"@type":"SearchAction","target":{"@type":"EntryPoint","urlTemplate":"https:\/\/casadaessencia.com\/pt_br\/?s={search_term_string}"},"query-input":{"@type":"PropertyValueSpecification","valueRequired":true,"valueName":"search_term_string"}}],"inLanguage":"pt-BR"},{"@type":"Organization","@id":"https:\/\/casadaessencia.com\/pt_br\/#organization","name":"Pavita","url":"https:\/\/casadaessencia.com\/pt_br\/","logo":{"@type":"ImageObject","inLanguage":"pt-BR","@id":"https:\/\/casadaessencia.com\/pt_br\/#\/schema\/logo\/image\/","url":"https:\/\/casadaessencia.com\/wp-content\/uploads\/2023\/02\/Logo-Pavita.webp","contentUrl":"https:\/\/casadaessencia.com\/wp-content\/uploads\/2023\/02\/Logo-Pavita.webp","width":400,"height":150,"caption":"Pavita"},"image":{"@id":"https:\/\/casadaessencia.com\/pt_br\/#\/schema\/logo\/image\/"}}]}},"_hostinger_reach_plugin_has_subscription_block":false,"_hostinger_reach_plugin_is_elementor":false,"_links":{"self":[{"href":"https:\/\/casadaessencia.com\/pt_br\/wp-json\/wp\/v2\/pages\/20","targetHints":{"allow":["GET"]}}],"collection":[{"href":"https:\/\/casadaessencia.com\/pt_br\/wp-json\/wp\/v2\/pages"}],"about":[{"href":"https:\/\/casadaessencia.com\/pt_br\/wp-json\/wp\/v2\/types\/page"}],"author":[{"embeddable":true,"href":"https:\/\/casadaessencia.com\/pt_br\/wp-json\/wp\/v2\/users\/1"}],"replies":[{"embeddable":true,"href":"https:\/\/casadaessencia.com\/pt_br\/wp-json\/wp\/v2\/comments?post=20"}],"version-history":[{"count":18,"href":"https:\/\/casadaessencia.com\/pt_br\/wp-json\/wp\/v2\/pages\/20\/revisions"}],"predecessor-version":[{"id":1258,"href":"https:\/\/casadaessencia.com\/pt_br\/wp-json\/wp\/v2\/pages\/20\/revisions\/1258"}],"wp:attachment":[{"href":"https:\/\/casadaessencia.com\/pt_br\/wp-json\/wp\/v2\/media?parent=20"}],"curies":[{"name":"wp","href":"https:\/\/api.w.org\/{rel}","templated":true}]}}