{"id":18,"date":"2023-04-17T08:26:58","date_gmt":"2023-04-17T11:26:58","guid":{"rendered":"https:\/\/casadaessencia.com\/?page_id=18"},"modified":"2023-09-18T11:54:50","modified_gmt":"2023-09-18T14:54:50","slug":"bioinquiry","status":"publish","type":"page","link":"https:\/\/casadaessencia.com\/pt_br\/bioinquiry\/","title":{"rendered":"Bioinquiry"},"content":{"rendered":"\t\t<div data-elementor-type=\"wp-page\" data-elementor-id=\"18\" class=\"elementor elementor-18\">\n\t\t\t\t<div class=\"elementor-element elementor-element-5a3d5f2 e-flex e-con-boxed e-con e-parent\" data-id=\"5a3d5f2\" data-element_type=\"container\" data-e-type=\"container\">\n\t\t\t\t\t<div class=\"e-con-inner\">\n\t\t\t\t<div class=\"elementor-element elementor-element-d6131e6 elementor-widget elementor-widget-heading\" data-id=\"d6131e6\" data-element_type=\"widget\" data-e-type=\"widget\" data-widget_type=\"heading.default\">\n\t\t\t\t<div class=\"elementor-widget-container\">\n\t\t\t\t\t<h3 class=\"elementor-heading-title elementor-size-default\">Inquiry<\/h3>\t\t\t\t<\/div>\n\t\t\t\t<\/div>\n\t\t\t\t<div class=\"elementor-element elementor-element-e61ec07 elementor-widget elementor-widget-text-editor\" data-id=\"e61ec07\" data-element_type=\"widget\" data-e-type=\"widget\" data-widget_type=\"text-editor.default\">\n\t\t\t\t<div class=\"elementor-widget-container\">\n\t\t\t\t\t\t\t\t\t<p>Tenho tentado achar um termo em portugu\u00eas pra traduzir inquiry. Questionamento&#8230; pergunta&#8230; pesquisa&#8230; indaga\u00e7\u00e3o&#8230; investiga\u00e7\u00e3o&#8230; seria algo por a\u00ed, desde que estes termos n\u00e3o evoquem a a\u00e7\u00e3o exclusiva do intelecto. Porque a inquiry, assim como a medita\u00e7\u00e3o (sua prima-irm\u00e3), n\u00e3o \u00e9 excludente. \u00c9 um processo de silenciar o ru\u00eddo mental e mergulhar em fontes mais profundas de informa\u00e7\u00e3o \u00e0s quais temos acesso.<\/p><p>Pra isso a gente conecta com o corpo, as sensa\u00e7\u00f5es, movimentos e percep\u00e7\u00f5es que estejam presentes neste momento. Quer ver? Para um pouquinho e leva tua aten\u00e7\u00e3o pra dentro do corpo. V\u00ea quais s\u00e3o as primeiras coisas que voc\u00ea percebe nele. Geralmente s\u00e3o as tens\u00f5es e desconfortos, mas n\u00e3o necessariamente. Agora continua com a aten\u00e7\u00e3o a\u00ed, no seu corpo. Vai percebendo sensa\u00e7\u00f5es mais sutis, como o movimento da respira\u00e7\u00e3o, qual a sensa\u00e7\u00e3o que d\u00e1 quando o ar entra? Onde que move? E quando ele sai? Voc\u00ea sente algum movimento na barriga? E na pelve? Voc\u00ea sente seus p\u00e9s? Como t\u00e1 o pesco\u00e7o? E qual a sensa\u00e7\u00e3o dentro da boca? Teu rosto t\u00e1 relaxado? <br \/>S\u00e3o muitas as informa\u00e7\u00f5es que a gente descobre s\u00f3 de levar a aten\u00e7\u00e3o pro corpo. E \u00e9 tamb\u00e9m no corpo, que vamos perceber sentimentos. Com a pr\u00e1tica vai ficando muito f\u00e1cil de conectar com algum medo, tristeza, raiva, assim como alegria, tes\u00e3o, amor&#8230; E os sentimentos nunca s\u00e3o um fim em si, sempre s\u00e3o portas que nos levam a compreender e transmutar alguma coisa. No processo da Inquiry assistida, essa transmuta\u00e7\u00e3o \u00e9 obra completamente sua, onde eu s\u00f3 vou dando uma m\u00e3ozinha pra voc\u00ea continuar no caminho de explorar, investigar, inquirir.<\/p><p>E nesse caminho f\u00e9rtil fazem parte tamb\u00e9m imagens, mem\u00f3rias, id\u00e9ias que, por sua vez, abrem mais sensa\u00e7\u00f5es, sentimentos&#8230; \u00c9 uma caminhada instigante que vai desafiando a gente a soltar conceitos e emo\u00e7\u00f5es estagnadas pra fluir com a verdade que se apresenta a cada momento. <\/p>\t\t\t\t\t\t\t\t<\/div>\n\t\t\t\t<\/div>\n\t\t\t\t<div class=\"elementor-element elementor-element-d0567c2 elementor-widget elementor-widget-heading\" data-id=\"d0567c2\" data-element_type=\"widget\" data-e-type=\"widget\" data-widget_type=\"heading.default\">\n\t\t\t\t<div class=\"elementor-widget-container\">\n\t\t\t\t\t<h3 class=\"elementor-heading-title elementor-size-default\">Bioenerg\u00e9tica<\/h3>\t\t\t\t<\/div>\n\t\t\t\t<\/div>\n\t\t\t\t<div class=\"elementor-element elementor-element-bbdab70 elementor-widget elementor-widget-text-editor\" data-id=\"bbdab70\" data-element_type=\"widget\" data-e-type=\"widget\" data-widget_type=\"text-editor.default\">\n\t\t\t\t<div class=\"elementor-widget-container\">\n\t\t\t\t\t\t\t\t\t<p>Acontece que as estagna\u00e7\u00f5es muitas vezes est\u00e3o muito bem guardadas em tens\u00f5es cr\u00f4nicas no corpo da gente, que tornam quase imposs\u00edvel acessar aquele conte\u00fado. \u00c9 a\u00ed que entra a Bioenerg\u00e9tica, uma ferramenta muito potente para entrar em contato com essas tens\u00f5es e liber\u00e1-las.<\/p><p>Este processo envolve encontrar os sentimentos presos nas tens\u00f5es, o que geralmente se origina de momentos em que n\u00e3o nos sentimos seguros em sentir ou expressar o que sent\u00edamos. Por exemplo, uma crian\u00e7a que sente raiva do pai ou da m\u00e3e por n\u00e3o receber aten\u00e7\u00e3o deles, mas teme perder a pouca aten\u00e7\u00e3o que recebe se expressar sua raiva, vai reprimi-la, contraindo a musculatura de sua mand\u00edbula, pesco\u00e7o, ombros, numa tentativa do corpo de segurar aquele grito ou mordida ou soco que tinha vontade de dar. Da mesma forma uma crian\u00e7a que apanha dos pais, ou \u00e9 intimidada por agress\u00e3o verbal, ou at\u00e9 mesmo por uma exig\u00eancia muito alta, vai evitar estes sentimentos hostis para n\u00e3o aumentar a sensa\u00e7\u00e3o de risco.<\/p><p>Todos n\u00f3s acumulamos sentimentos guardados. N\u00e3o s\u00f3 raiva, mas choro, medo, tes\u00e3o&#8230; s\u00e3o muitas as possibilidades de sentimentos que em algum momento eram percebidos por n\u00f3s como uma amea\u00e7a.<\/p><p>A Bioenerg\u00e9tica ajuda a atualizar esse registro distorcido da realidade. Pois esta amea\u00e7a de \u201cperder o amor\u201d dos pais fica gravada neste corpo que \u201ccongelou\u201d esta experi\u00eancia em si, de forma que nos tornamos adultos com medo de \u201cperder o amor\u201d de um parceiro ou parceira, por exemplo, o que pode gerar muita dificuldade em se relacionar. E a lista de limita\u00e7\u00f5es \u00e9 grande, passando por distor\u00e7\u00f5es na rela\u00e7\u00e3o com poder, dinheiro, criatividade, maternidade, paternidade, autoestima, etc.<\/p><p>Atrav\u00e9s de exerc\u00edcios corporais acessamos estas tens\u00f5es cr\u00f4nicas e os sentimentos contidos nelas, de forma que eles possam ser liberados e esta energia estagnada volte a fluir, abrindo caminho pra novas formas de lidar com as situa\u00e7\u00f5es.<\/p><p>N\u00e3o se trata de se livrar dos sentimentos, pois todos eles tem uma fun\u00e7\u00e3o a cumprir, mas de estabelecer uma nova rela\u00e7\u00e3o com eles, de ouvi-los ao inv\u00e9s de tem\u00ea-los. Integrar o que a gente sente abre uma intelig\u00eancia potente, criativa e fluida, que lida com a realidade a partir do momento presente, n\u00e3o atrav\u00e9s de caminhos preestabelecidos.<\/p><p>\u00c9 uma jornada desafiadora, encantadora e profunda essa, do encontro com a gente mesmo.<\/p>\t\t\t\t\t\t\t\t<\/div>\n\t\t\t\t<\/div>\n\t\t\t\t<div class=\"elementor-element elementor-element-6e5e68b elementor-widget elementor-widget-heading\" data-id=\"6e5e68b\" data-element_type=\"widget\" data-e-type=\"widget\" data-widget_type=\"heading.default\">\n\t\t\t\t<div class=\"elementor-widget-container\">\n\t\t\t\t\t<h4 class=\"elementor-heading-title elementor-size-default\">Para experimentar uma sess\u00e3o de Bioinquiry<\/h4>\t\t\t\t<\/div>\n\t\t\t\t<\/div>\n\t\t\t\t<div class=\"elementor-element elementor-element-b965e17 elementor-align-center elementor-widget elementor-widget-button\" data-id=\"b965e17\" data-element_type=\"widget\" data-e-type=\"widget\" data-widget_type=\"button.default\">\n\t\t\t\t<div class=\"elementor-widget-container\">\n\t\t\t\t\t\t\t\t\t<div class=\"elementor-button-wrapper\">\n\t\t\t\t\t<a class=\"elementor-button elementor-button-link elementor-size-sm\" href=\"https:\/\/docs.google.com\/forms\/d\/e\/1FAIpQLSc2k-WVX63pZKGFC9AOfVudlkJ6dLZa2XI-Kkv5pGkduBRyMQ\/viewform?usp=sf_link\">\n\t\t\t\t\t\t<span class=\"elementor-button-content-wrapper\">\n\t\t\t\t\t\t<span class=\"elementor-button-icon\">\n\t\t\t\t<svg aria-hidden=\"true\" class=\"e-font-icon-svg e-fab-wpforms\" viewBox=\"0 0 448 512\" xmlns=\"http:\/\/www.w3.org\/2000\/svg\"><path d=\"M448 75.2v361.7c0 24.3-19 43.2-43.2 43.2H43.2C19.3 480 0 461.4 0 436.8V75.2C0 51.1 18.8 32 43.2 32h361.7c24 0 43.1 18.8 43.1 43.2zm-37.3 361.6V75.2c0-3-2.6-5.8-5.8-5.8h-9.3L285.3 144 224 94.1 162.8 144 52.5 69.3h-9.3c-3.2 0-5.8 2.8-5.8 5.8v361.7c0 3 2.6 5.8 5.8 5.8h361.7c3.2.1 5.8-2.7 5.8-5.8zM150.2 186v37H76.7v-37h73.5zm0 74.4v37.3H76.7v-37.3h73.5zm11.1-147.3l54-43.7H96.8l64.5 43.7zm210 72.9v37h-196v-37h196zm0 74.4v37.3h-196v-37.3h196zm-84.6-147.3l64.5-43.7H232.8l53.9 43.7zM371.3 335v37.3h-99.4V335h99.4z\"><\/path><\/svg>\t\t\t<\/span>\n\t\t\t\t\t\t\t\t\t<span class=\"elementor-button-text\">Preencha o formul\u00e1rio de inscri\u00e7\u00e3o<\/span>\n\t\t\t\t\t<\/span>\n\t\t\t\t\t<\/a>\n\t\t\t\t<\/div>\n\t\t\t\t\t\t\t\t<\/div>\n\t\t\t\t<\/div>\n\t\t\t\t\t<\/div>\n\t\t\t\t<\/div>\n\t\t\t\t<\/div>\n\t\t","protected":false},"excerpt":{"rendered":"<p>Inquiry Tenho tentado achar um termo em portugu\u00eas pra traduzir inquiry. Questionamento&#8230; pergunta&#8230; pesquisa&#8230; indaga\u00e7\u00e3o&#8230; investiga\u00e7\u00e3o&#8230; seria algo por a\u00ed, desde que estes termos n\u00e3o evoquem a a\u00e7\u00e3o exclusiva do [&hellip;]<\/p>\n","protected":false},"author":1,"featured_media":0,"parent":0,"menu_order":0,"comment_status":"closed","ping_status":"closed","template":"elementor_header_footer","meta":{"_joinchat":[],"footnotes":"","_links_to":"","_links_to_target":""},"class_list":["post-18","page","type-page","status-publish","hentry"],"yoast_head":"<!-- This site is optimized with the Yoast SEO plugin v27.4 - https:\/\/yoast.com\/product\/yoast-seo-wordpress\/ -->\n<title>Bioinquiry - Pavita<\/title>\n<meta name=\"description\" content=\"A Bioinquiry \u00e9 uma abordagem de autoconhecimento que une a Bioenerg\u00e9tica e a Self-Inquiry: exerc\u00edcios corporais e aten\u00e7\u00e3o plena guiada.\" \/>\n<meta name=\"robots\" content=\"index, follow, max-snippet:-1, max-image-preview:large, max-video-preview:-1\" \/>\n<link rel=\"canonical\" href=\"https:\/\/casadaessencia.com\/pt_br\/bioinquiry\/\" \/>\n<meta property=\"og:locale\" content=\"pt_BR\" \/>\n<meta property=\"og:type\" content=\"article\" \/>\n<meta property=\"og:title\" content=\"Bioinquiry - Pavita\" \/>\n<meta property=\"og:description\" content=\"A Bioinquiry \u00e9 uma abordagem de autoconhecimento que une a Bioenerg\u00e9tica e a Self-Inquiry: exerc\u00edcios corporais e aten\u00e7\u00e3o plena guiada.\" \/>\n<meta property=\"og:url\" content=\"https:\/\/casadaessencia.com\/pt_br\/bioinquiry\/\" \/>\n<meta property=\"og:site_name\" content=\"Pavita\" \/>\n<meta property=\"article:modified_time\" content=\"2023-09-18T14:54:50+00:00\" \/>\n<meta name=\"twitter:card\" content=\"summary_large_image\" \/>\n<meta name=\"twitter:label1\" content=\"Est. tempo de leitura\" \/>\n\t<meta name=\"twitter:data1\" content=\"4 minutos\" \/>\n<script type=\"application\/ld+json\" class=\"yoast-schema-graph\">{\"@context\":\"https:\\\/\\\/schema.org\",\"@graph\":[{\"@type\":\"WebPage\",\"@id\":\"https:\\\/\\\/casadaessencia.com\\\/bioinquiry\\\/\",\"url\":\"https:\\\/\\\/casadaessencia.com\\\/bioinquiry\\\/\",\"name\":\"Bioinquiry - Pavita\",\"isPartOf\":{\"@id\":\"https:\\\/\\\/casadaessencia.com\\\/pt_br\\\/#website\"},\"datePublished\":\"2023-04-17T11:26:58+00:00\",\"dateModified\":\"2023-09-18T14:54:50+00:00\",\"description\":\"A Bioinquiry \u00e9 uma abordagem de autoconhecimento que une a Bioenerg\u00e9tica e a Self-Inquiry: exerc\u00edcios corporais e aten\u00e7\u00e3o plena guiada.\",\"breadcrumb\":{\"@id\":\"https:\\\/\\\/casadaessencia.com\\\/bioinquiry\\\/#breadcrumb\"},\"inLanguage\":\"pt-BR\",\"potentialAction\":[{\"@type\":\"ReadAction\",\"target\":[\"https:\\\/\\\/casadaessencia.com\\\/bioinquiry\\\/\"]}]},{\"@type\":\"BreadcrumbList\",\"@id\":\"https:\\\/\\\/casadaessencia.com\\\/bioinquiry\\\/#breadcrumb\",\"itemListElement\":[{\"@type\":\"ListItem\",\"position\":1,\"name\":\"In\u00edcio\",\"item\":\"https:\\\/\\\/casadaessencia.com\\\/\"},{\"@type\":\"ListItem\",\"position\":2,\"name\":\"Bioinquiry\"}]},{\"@type\":\"WebSite\",\"@id\":\"https:\\\/\\\/casadaessencia.com\\\/pt_br\\\/#website\",\"url\":\"https:\\\/\\\/casadaessencia.com\\\/pt_br\\\/\",\"name\":\"Pavita\",\"description\":\"aventuras de auto-descoberta\",\"publisher\":{\"@id\":\"https:\\\/\\\/casadaessencia.com\\\/pt_br\\\/#organization\"},\"potentialAction\":[{\"@type\":\"SearchAction\",\"target\":{\"@type\":\"EntryPoint\",\"urlTemplate\":\"https:\\\/\\\/casadaessencia.com\\\/pt_br\\\/?s={search_term_string}\"},\"query-input\":{\"@type\":\"PropertyValueSpecification\",\"valueRequired\":true,\"valueName\":\"search_term_string\"}}],\"inLanguage\":\"pt-BR\"},{\"@type\":\"Organization\",\"@id\":\"https:\\\/\\\/casadaessencia.com\\\/pt_br\\\/#organization\",\"name\":\"Pavita\",\"url\":\"https:\\\/\\\/casadaessencia.com\\\/pt_br\\\/\",\"logo\":{\"@type\":\"ImageObject\",\"inLanguage\":\"pt-BR\",\"@id\":\"https:\\\/\\\/casadaessencia.com\\\/pt_br\\\/#\\\/schema\\\/logo\\\/image\\\/\",\"url\":\"https:\\\/\\\/casadaessencia.com\\\/wp-content\\\/uploads\\\/2023\\\/02\\\/Logo-Pavita.webp\",\"contentUrl\":\"https:\\\/\\\/casadaessencia.com\\\/wp-content\\\/uploads\\\/2023\\\/02\\\/Logo-Pavita.webp\",\"width\":400,\"height\":150,\"caption\":\"Pavita\"},\"image\":{\"@id\":\"https:\\\/\\\/casadaessencia.com\\\/pt_br\\\/#\\\/schema\\\/logo\\\/image\\\/\"}}]}<\/script>\n<!-- \/ Yoast SEO plugin. -->","yoast_head_json":{"title":"Bioinquiry - Pavita","description":"A Bioinquiry \u00e9 uma abordagem de autoconhecimento que une a Bioenerg\u00e9tica e a Self-Inquiry: exerc\u00edcios corporais e aten\u00e7\u00e3o plena guiada.","robots":{"index":"index","follow":"follow","max-snippet":"max-snippet:-1","max-image-preview":"max-image-preview:large","max-video-preview":"max-video-preview:-1"},"canonical":"https:\/\/casadaessencia.com\/pt_br\/bioinquiry\/","og_locale":"pt_BR","og_type":"article","og_title":"Bioinquiry - Pavita","og_description":"A Bioinquiry \u00e9 uma abordagem de autoconhecimento que une a Bioenerg\u00e9tica e a Self-Inquiry: exerc\u00edcios corporais e aten\u00e7\u00e3o plena guiada.","og_url":"https:\/\/casadaessencia.com\/pt_br\/bioinquiry\/","og_site_name":"Pavita","article_modified_time":"2023-09-18T14:54:50+00:00","twitter_card":"summary_large_image","twitter_misc":{"Est. tempo de leitura":"4 minutos"},"schema":{"@context":"https:\/\/schema.org","@graph":[{"@type":"WebPage","@id":"https:\/\/casadaessencia.com\/bioinquiry\/","url":"https:\/\/casadaessencia.com\/bioinquiry\/","name":"Bioinquiry - Pavita","isPartOf":{"@id":"https:\/\/casadaessencia.com\/pt_br\/#website"},"datePublished":"2023-04-17T11:26:58+00:00","dateModified":"2023-09-18T14:54:50+00:00","description":"A Bioinquiry \u00e9 uma abordagem de autoconhecimento que une a Bioenerg\u00e9tica e a Self-Inquiry: exerc\u00edcios corporais e aten\u00e7\u00e3o plena guiada.","breadcrumb":{"@id":"https:\/\/casadaessencia.com\/bioinquiry\/#breadcrumb"},"inLanguage":"pt-BR","potentialAction":[{"@type":"ReadAction","target":["https:\/\/casadaessencia.com\/bioinquiry\/"]}]},{"@type":"BreadcrumbList","@id":"https:\/\/casadaessencia.com\/bioinquiry\/#breadcrumb","itemListElement":[{"@type":"ListItem","position":1,"name":"In\u00edcio","item":"https:\/\/casadaessencia.com\/"},{"@type":"ListItem","position":2,"name":"Bioinquiry"}]},{"@type":"WebSite","@id":"https:\/\/casadaessencia.com\/pt_br\/#website","url":"https:\/\/casadaessencia.com\/pt_br\/","name":"Pavita","description":"aventuras de auto-descoberta","publisher":{"@id":"https:\/\/casadaessencia.com\/pt_br\/#organization"},"potentialAction":[{"@type":"SearchAction","target":{"@type":"EntryPoint","urlTemplate":"https:\/\/casadaessencia.com\/pt_br\/?s={search_term_string}"},"query-input":{"@type":"PropertyValueSpecification","valueRequired":true,"valueName":"search_term_string"}}],"inLanguage":"pt-BR"},{"@type":"Organization","@id":"https:\/\/casadaessencia.com\/pt_br\/#organization","name":"Pavita","url":"https:\/\/casadaessencia.com\/pt_br\/","logo":{"@type":"ImageObject","inLanguage":"pt-BR","@id":"https:\/\/casadaessencia.com\/pt_br\/#\/schema\/logo\/image\/","url":"https:\/\/casadaessencia.com\/wp-content\/uploads\/2023\/02\/Logo-Pavita.webp","contentUrl":"https:\/\/casadaessencia.com\/wp-content\/uploads\/2023\/02\/Logo-Pavita.webp","width":400,"height":150,"caption":"Pavita"},"image":{"@id":"https:\/\/casadaessencia.com\/pt_br\/#\/schema\/logo\/image\/"}}]}},"_hostinger_reach_plugin_has_subscription_block":false,"_hostinger_reach_plugin_is_elementor":false,"_links":{"self":[{"href":"https:\/\/casadaessencia.com\/pt_br\/wp-json\/wp\/v2\/pages\/18","targetHints":{"allow":["GET"]}}],"collection":[{"href":"https:\/\/casadaessencia.com\/pt_br\/wp-json\/wp\/v2\/pages"}],"about":[{"href":"https:\/\/casadaessencia.com\/pt_br\/wp-json\/wp\/v2\/types\/page"}],"author":[{"embeddable":true,"href":"https:\/\/casadaessencia.com\/pt_br\/wp-json\/wp\/v2\/users\/1"}],"replies":[{"embeddable":true,"href":"https:\/\/casadaessencia.com\/pt_br\/wp-json\/wp\/v2\/comments?post=18"}],"version-history":[{"count":1,"href":"https:\/\/casadaessencia.com\/pt_br\/wp-json\/wp\/v2\/pages\/18\/revisions"}],"predecessor-version":[{"id":1192,"href":"https:\/\/casadaessencia.com\/pt_br\/wp-json\/wp\/v2\/pages\/18\/revisions\/1192"}],"wp:attachment":[{"href":"https:\/\/casadaessencia.com\/pt_br\/wp-json\/wp\/v2\/media?parent=18"}],"curies":[{"name":"wp","href":"https:\/\/api.w.org\/{rel}","templated":true}]}}