{"id":16,"date":"2023-04-17T08:26:38","date_gmt":"2023-04-17T11:26:38","guid":{"rendered":"https:\/\/casadaessencia.com\/?page_id=16"},"modified":"2025-01-21T14:58:59","modified_gmt":"2025-01-21T17:58:59","slug":"sobre","status":"publish","type":"page","link":"https:\/\/casadaessencia.com\/pt_br\/sobre\/","title":{"rendered":"Sobre"},"content":{"rendered":"\t\t<div data-elementor-type=\"wp-page\" data-elementor-id=\"16\" class=\"elementor elementor-16\">\n\t\t\t\t<div class=\"elementor-element elementor-element-7b2a26a e-flex e-con-boxed e-con e-parent\" data-id=\"7b2a26a\" data-element_type=\"container\" data-e-type=\"container\">\n\t\t\t\t\t<div class=\"e-con-inner\">\n\t\t<div class=\"elementor-element elementor-element-a05b48c e-flex e-con-boxed e-con e-child\" data-id=\"a05b48c\" data-element_type=\"container\" data-e-type=\"container\">\n\t\t\t\t\t<div class=\"e-con-inner\">\n\t\t\t\t\t<\/div>\n\t\t\t\t<\/div>\n\t\t\t\t\t<\/div>\n\t\t\t\t<\/div>\n\t\t<div class=\"elementor-element elementor-element-be85570 e-flex e-con-boxed e-con e-parent\" data-id=\"be85570\" data-element_type=\"container\" data-e-type=\"container\">\n\t\t\t\t\t<div class=\"e-con-inner\">\n\t\t<div class=\"elementor-element elementor-element-74525bc e-con-full e-flex e-con e-child\" data-id=\"74525bc\" data-element_type=\"container\" data-e-type=\"container\">\n\t\t\t\t<div class=\"elementor-element elementor-element-7d2813d elementor-widget elementor-widget-image\" data-id=\"7d2813d\" data-element_type=\"widget\" data-e-type=\"widget\" data-widget_type=\"image.default\">\n\t\t\t\t<div class=\"elementor-widget-container\">\n\t\t\t\t\t\t\t\t\t\t\t\t\t\t\t<img fetchpriority=\"high\" decoding=\"async\" width=\"768\" height=\"1152\" src=\"https:\/\/casadaessencia.com\/wp-content\/uploads\/2023\/04\/Pavita-Terapeuta-Meditacao-5-768x1152.webp\" class=\"attachment-medium_large size-medium_large wp-image-471\" alt=\"\" srcset=\"https:\/\/casadaessencia.com\/wp-content\/uploads\/2023\/04\/Pavita-Terapeuta-Meditacao-5-768x1152.webp 768w, https:\/\/casadaessencia.com\/wp-content\/uploads\/2023\/04\/Pavita-Terapeuta-Meditacao-5-200x300.webp 200w, https:\/\/casadaessencia.com\/wp-content\/uploads\/2023\/04\/Pavita-Terapeuta-Meditacao-5-682x1024.webp 682w, https:\/\/casadaessencia.com\/wp-content\/uploads\/2023\/04\/Pavita-Terapeuta-Meditacao-5.webp 853w\" sizes=\"(max-width: 768px) 100vw, 768px\" \/>\t\t\t\t\t\t\t\t\t\t\t\t\t\t\t<\/div>\n\t\t\t\t<\/div>\n\t\t\t\t<\/div>\n\t\t<div class=\"elementor-element elementor-element-3a68dc9 e-con-full e-flex e-con e-child\" data-id=\"3a68dc9\" data-element_type=\"container\" data-e-type=\"container\">\n\t\t\t\t<div class=\"elementor-element elementor-element-0fe7af6 elementor-widget elementor-widget-heading\" data-id=\"0fe7af6\" data-element_type=\"widget\" data-e-type=\"widget\" data-widget_type=\"heading.default\">\n\t\t\t\t<div class=\"elementor-widget-container\">\n\t\t\t\t\t<h3 class=\"elementor-heading-title elementor-size-default\">Quem sou eu?<\/h3>\t\t\t\t<\/div>\n\t\t\t\t<\/div>\n\t\t\t\t<div class=\"elementor-element elementor-element-3323e22 elementor-widget elementor-widget-text-editor\" data-id=\"3323e22\" data-element_type=\"widget\" data-e-type=\"widget\" data-widget_type=\"text-editor.default\">\n\t\t\t\t<div class=\"elementor-widget-container\">\n\t\t\t\t\t\t\t\t\t<p>Essa frase p\u00f5e um sorriso no meu rosto, pois \u00e9 a grande brincadeira que me entret\u00e9m desde que me conhe\u00e7o por gente. E virei uma esp\u00e9cie de guia tur\u00edstica dessa auto-explora\u00e7\u00e3o. N\u00e3o porque eu conhe\u00e7a os lugares a que vamos chegando, mas conhe\u00e7o alguns caminhos pra andar, que acabam servindo pra muita gente. E cada vez que eu caminho junto com algu\u00e9m, descubro novas paisagens de mim mesma e isso me encanta!<\/p><p>Entendo que essa pergunta n\u00e3o leva a um resultado final, mas a um caminhar de conex\u00e3o, de tecer a muitas m\u00e3os a teia da co-cria\u00e7\u00e3o. E que frescor n\u00e3o ter que ser definida pra sempre, poder descobrir a cada momento quem sou eu agora!<\/p><p>Ent\u00e3o, neste momento, esta sou eu: uma mulher apaixonada pela caminhada, mais interessada em questionamentos sinceros que abrem portas do que em respostas seguras que encerram \u201cverdades\u201d.<\/p><p>Sou terapeuta, professora, facilitadora, e n\u00e3o sou r\u00f3tulo nenhum. Sei que gosto de caminhar com pessoas nessa terra f\u00e9rtil da medita\u00e7\u00e3o e da self-inquiry (auto-questionamento) que inclui o corpo, os sentimentos, as marcas, a pot\u00eancia&#8230; sempre com a b\u00fassola apontando para o presente, esse espa\u00e7o sempre vivo e novo onde a vida realmente acontece.<\/p><p>Tamb\u00e9m n\u00e3o acredito que esse \u201cmundo interno\u201d esteja separado do \u201cmundo externo\u201d. Vivemos dentrofora, o que acontece \u00e0 nossa volta n\u00e3o tem menos import\u00e2ncia do que acontece dentro do nosso corpo. Me interessa o que acontece com as pessoas \u00e0 minha volta, com a natureza, com o planeta e minha a\u00e7\u00e3o navega por todo esse territ\u00f3rio.<\/p><p>Seja bem-vinda, bem-vindo e bem-vinde a conhecer algumas das minhas aventuras e a, quem sabe, participar na co-cria\u00e7\u00e3o delas&#8230;<\/p>\t\t\t\t\t\t\t\t<\/div>\n\t\t\t\t<\/div>\n\t\t\t\t<\/div>\n\t\t\t\t\t<\/div>\n\t\t\t\t<\/div>\n\t\t<div class=\"elementor-element elementor-element-3d1aca0 e-flex e-con-boxed e-con e-parent\" data-id=\"3d1aca0\" data-element_type=\"container\" data-e-type=\"container\">\n\t\t\t\t\t<div class=\"e-con-inner\">\n\t\t<div class=\"elementor-element elementor-element-5192971 e-con-full e-flex e-con e-child\" data-id=\"5192971\" data-element_type=\"container\" data-e-type=\"container\">\n\t\t\t\t<div class=\"elementor-element elementor-element-6ba87d3 elementor-widget elementor-widget-heading\" data-id=\"6ba87d3\" data-element_type=\"widget\" data-e-type=\"widget\" data-widget_type=\"heading.default\">\n\t\t\t\t<div class=\"elementor-widget-container\">\n\t\t\t\t\t<h3 class=\"elementor-heading-title elementor-size-default\">Minha jornada profissional<\/h3>\t\t\t\t<\/div>\n\t\t\t\t<\/div>\n\t\t\t\t<div class=\"elementor-element elementor-element-94cf012 elementor-widget elementor-widget-text-editor\" data-id=\"94cf012\" data-element_type=\"widget\" data-e-type=\"widget\" data-widget_type=\"text-editor.default\">\n\t\t\t\t<div class=\"elementor-widget-container\">\n\t\t\t\t\t\t\t\t\t<p class=\"MsoNormal\"><span lang=\"PT-BR\">Minha forma\u00e7\u00e3o profissional inclui a\ngradua\u00e7\u00e3o em Fisioterapia (1991), forma\u00e7\u00e3o em Bioenerg\u00e9tica (1992), Terapia\nPrimal (1992) e Terapia Reichiana (1994) no Brasil; as forma\u00e7\u00f5es em Encounter\n(1998), Therapist Training (2000), Sex Counselor Training (2000) e Communal\nLiving (1999) na Humaniversity\/Holanda; Working with People (2013) e Advanced Working\nwith People Training (2015) com Rafia Morgan e Turyia von Hannover na It\u00e1lia e\na forma\u00e7\u00e3o em Somatic Experience, ainda em curso . <o:p><\/o:p><\/span><\/p><p class=\"MsoNormal\"><span lang=\"PT-BR\">Meu trabalho passou por atendimentos\nindividuais e em grupo, doc\u00eancia em forma\u00e7\u00f5es terap\u00eauticas, staff cl\u00ednica em\ncomunidades terap\u00eauticas, facilita\u00e7\u00e3o de workshops e retiros residenciais de\nterapia e medita\u00e7\u00e3o e supervis\u00e3o de terapeutas nos \u00faltimos 30+ anos.<o:p><\/o:p><\/span><\/p><p>\n\n\n\n<\/p><p class=\"MsoNormal\"><span lang=\"PT-BR\">Desde 2020 tenho unido os m\u00e9todos e\nconhecimentos que encontrei nesta caminhada num processo que chamo de\nBioinquiry. Uma combina\u00e7\u00e3o de a\u00e7\u00f5es e exerc\u00edcios que revelam conte\u00fados\ninconscientes guardados no corpo, com o olhar e sentir questionador que vai\naprendendo com a experi\u00eancia, mais do que buscando defini\u00e7\u00f5es de \u201ccomo\nser\/fazer\u201d. Isso acontece em sess\u00f5es individuais, grupos e workshops online e presenciais.<o:p><\/o:p><\/span><\/p>\t\t\t\t\t\t\t\t<\/div>\n\t\t\t\t<\/div>\n\t\t\t\t<\/div>\n\t\t<div class=\"elementor-element elementor-element-1f19edd e-con-full e-flex e-con e-child\" data-id=\"1f19edd\" data-element_type=\"container\" data-e-type=\"container\">\n\t\t\t\t<div class=\"elementor-element elementor-element-6b1d602 elementor-widget elementor-widget-image\" data-id=\"6b1d602\" data-element_type=\"widget\" data-e-type=\"widget\" data-widget_type=\"image.default\">\n\t\t\t\t<div class=\"elementor-widget-container\">\n\t\t\t\t\t\t\t\t\t\t\t\t\t\t\t<img decoding=\"async\" width=\"768\" height=\"1152\" src=\"https:\/\/casadaessencia.com\/wp-content\/uploads\/2023\/04\/Pavita-Terapeuta-Meditacao-1-768x1152.webp\" class=\"attachment-medium_large size-medium_large wp-image-478\" alt=\"\" srcset=\"https:\/\/casadaessencia.com\/wp-content\/uploads\/2023\/04\/Pavita-Terapeuta-Meditacao-1-768x1152.webp 768w, https:\/\/casadaessencia.com\/wp-content\/uploads\/2023\/04\/Pavita-Terapeuta-Meditacao-1-200x300.webp 200w, https:\/\/casadaessencia.com\/wp-content\/uploads\/2023\/04\/Pavita-Terapeuta-Meditacao-1-682x1024.webp 682w, https:\/\/casadaessencia.com\/wp-content\/uploads\/2023\/04\/Pavita-Terapeuta-Meditacao-1.webp 853w\" sizes=\"(max-width: 768px) 100vw, 768px\" \/>\t\t\t\t\t\t\t\t\t\t\t\t\t\t\t<\/div>\n\t\t\t\t<\/div>\n\t\t\t\t<\/div>\n\t\t\t\t\t<\/div>\n\t\t\t\t<\/div>\n\t\t\t\t<\/div>\n\t\t","protected":false},"excerpt":{"rendered":"<p>Quem sou eu? Essa frase p\u00f5e um sorriso no meu rosto, pois \u00e9 a grande brincadeira que me entret\u00e9m desde que me conhe\u00e7o por gente. E virei uma esp\u00e9cie de [&hellip;]<\/p>\n","protected":false},"author":1,"featured_media":0,"parent":0,"menu_order":0,"comment_status":"closed","ping_status":"closed","template":"elementor_header_footer","meta":{"_joinchat":[],"footnotes":"","_links_to":"","_links_to_target":""},"class_list":["post-16","page","type-page","status-publish","hentry"],"yoast_head":"<!-- This site is optimized with the Yoast SEO plugin v27.4 - https:\/\/yoast.com\/product\/yoast-seo-wordpress\/ -->\n<title>Sobre - Pavita<\/title>\n<meta name=\"description\" content=\"Pavita \u00e9 uma psicoterapeuta corporal que trabalha com sess\u00f5es individuais e grupos com Bioenerg\u00e9tica, Self-Inquiry guiada e Medita\u00e7\u00e3o.\" \/>\n<meta name=\"robots\" content=\"index, follow, max-snippet:-1, max-image-preview:large, max-video-preview:-1\" \/>\n<link rel=\"canonical\" href=\"https:\/\/casadaessencia.com\/pt_br\/sobre\/\" \/>\n<meta property=\"og:locale\" content=\"pt_BR\" \/>\n<meta property=\"og:type\" content=\"article\" \/>\n<meta property=\"og:title\" content=\"Sobre - Pavita\" \/>\n<meta property=\"og:description\" content=\"Pavita \u00e9 uma psicoterapeuta corporal que trabalha com sess\u00f5es individuais e grupos com Bioenerg\u00e9tica, Self-Inquiry guiada e Medita\u00e7\u00e3o.\" \/>\n<meta property=\"og:url\" content=\"https:\/\/casadaessencia.com\/pt_br\/sobre\/\" \/>\n<meta property=\"og:site_name\" content=\"Pavita\" \/>\n<meta property=\"article:modified_time\" content=\"2025-01-21T17:58:59+00:00\" \/>\n<meta property=\"og:image\" content=\"https:\/\/casadaessencia.com\/wp-content\/uploads\/2023\/04\/Pavita-Terapeuta-Meditacao-5-768x1152.webp\" \/>\n<meta name=\"twitter:card\" content=\"summary_large_image\" \/>\n<meta name=\"twitter:label1\" content=\"Est. tempo de leitura\" \/>\n\t<meta name=\"twitter:data1\" content=\"3 minutos\" \/>\n<script type=\"application\/ld+json\" class=\"yoast-schema-graph\">{\"@context\":\"https:\\\/\\\/schema.org\",\"@graph\":[{\"@type\":\"WebPage\",\"@id\":\"https:\\\/\\\/casadaessencia.com\\\/pt_br\\\/sobre\\\/\",\"url\":\"https:\\\/\\\/casadaessencia.com\\\/pt_br\\\/sobre\\\/\",\"name\":\"Sobre - Pavita\",\"isPartOf\":{\"@id\":\"https:\\\/\\\/casadaessencia.com\\\/pt_br\\\/#website\"},\"primaryImageOfPage\":{\"@id\":\"https:\\\/\\\/casadaessencia.com\\\/pt_br\\\/sobre\\\/#primaryimage\"},\"image\":{\"@id\":\"https:\\\/\\\/casadaessencia.com\\\/pt_br\\\/sobre\\\/#primaryimage\"},\"thumbnailUrl\":\"https:\\\/\\\/casadaessencia.com\\\/wp-content\\\/uploads\\\/2023\\\/04\\\/Pavita-Terapeuta-Meditacao-5-768x1152.webp\",\"datePublished\":\"2023-04-17T11:26:38+00:00\",\"dateModified\":\"2025-01-21T17:58:59+00:00\",\"description\":\"Pavita \u00e9 uma psicoterapeuta corporal que trabalha com sess\u00f5es individuais e grupos com Bioenerg\u00e9tica, Self-Inquiry guiada e Medita\u00e7\u00e3o.\",\"breadcrumb\":{\"@id\":\"https:\\\/\\\/casadaessencia.com\\\/pt_br\\\/sobre\\\/#breadcrumb\"},\"inLanguage\":\"pt-BR\",\"potentialAction\":[{\"@type\":\"ReadAction\",\"target\":[\"https:\\\/\\\/casadaessencia.com\\\/pt_br\\\/sobre\\\/\"]}]},{\"@type\":\"ImageObject\",\"inLanguage\":\"pt-BR\",\"@id\":\"https:\\\/\\\/casadaessencia.com\\\/pt_br\\\/sobre\\\/#primaryimage\",\"url\":\"https:\\\/\\\/casadaessencia.com\\\/wp-content\\\/uploads\\\/2023\\\/04\\\/Pavita-Terapeuta-Meditacao-5-768x1152.webp\",\"contentUrl\":\"https:\\\/\\\/casadaessencia.com\\\/wp-content\\\/uploads\\\/2023\\\/04\\\/Pavita-Terapeuta-Meditacao-5-768x1152.webp\"},{\"@type\":\"BreadcrumbList\",\"@id\":\"https:\\\/\\\/casadaessencia.com\\\/pt_br\\\/sobre\\\/#breadcrumb\",\"itemListElement\":[{\"@type\":\"ListItem\",\"position\":1,\"name\":\"In\u00edcio\",\"item\":\"https:\\\/\\\/casadaessencia.com\\\/\"},{\"@type\":\"ListItem\",\"position\":2,\"name\":\"Sobre\"}]},{\"@type\":\"WebSite\",\"@id\":\"https:\\\/\\\/casadaessencia.com\\\/pt_br\\\/#website\",\"url\":\"https:\\\/\\\/casadaessencia.com\\\/pt_br\\\/\",\"name\":\"Pavita\",\"description\":\"aventuras de auto-descoberta\",\"publisher\":{\"@id\":\"https:\\\/\\\/casadaessencia.com\\\/pt_br\\\/#organization\"},\"potentialAction\":[{\"@type\":\"SearchAction\",\"target\":{\"@type\":\"EntryPoint\",\"urlTemplate\":\"https:\\\/\\\/casadaessencia.com\\\/pt_br\\\/?s={search_term_string}\"},\"query-input\":{\"@type\":\"PropertyValueSpecification\",\"valueRequired\":true,\"valueName\":\"search_term_string\"}}],\"inLanguage\":\"pt-BR\"},{\"@type\":\"Organization\",\"@id\":\"https:\\\/\\\/casadaessencia.com\\\/pt_br\\\/#organization\",\"name\":\"Pavita\",\"url\":\"https:\\\/\\\/casadaessencia.com\\\/pt_br\\\/\",\"logo\":{\"@type\":\"ImageObject\",\"inLanguage\":\"pt-BR\",\"@id\":\"https:\\\/\\\/casadaessencia.com\\\/pt_br\\\/#\\\/schema\\\/logo\\\/image\\\/\",\"url\":\"https:\\\/\\\/casadaessencia.com\\\/wp-content\\\/uploads\\\/2023\\\/02\\\/Logo-Pavita.webp\",\"contentUrl\":\"https:\\\/\\\/casadaessencia.com\\\/wp-content\\\/uploads\\\/2023\\\/02\\\/Logo-Pavita.webp\",\"width\":400,\"height\":150,\"caption\":\"Pavita\"},\"image\":{\"@id\":\"https:\\\/\\\/casadaessencia.com\\\/pt_br\\\/#\\\/schema\\\/logo\\\/image\\\/\"}}]}<\/script>\n<!-- \/ Yoast SEO plugin. -->","yoast_head_json":{"title":"Sobre - Pavita","description":"Pavita \u00e9 uma psicoterapeuta corporal que trabalha com sess\u00f5es individuais e grupos com Bioenerg\u00e9tica, Self-Inquiry guiada e Medita\u00e7\u00e3o.","robots":{"index":"index","follow":"follow","max-snippet":"max-snippet:-1","max-image-preview":"max-image-preview:large","max-video-preview":"max-video-preview:-1"},"canonical":"https:\/\/casadaessencia.com\/pt_br\/sobre\/","og_locale":"pt_BR","og_type":"article","og_title":"Sobre - Pavita","og_description":"Pavita \u00e9 uma psicoterapeuta corporal que trabalha com sess\u00f5es individuais e grupos com Bioenerg\u00e9tica, Self-Inquiry guiada e Medita\u00e7\u00e3o.","og_url":"https:\/\/casadaessencia.com\/pt_br\/sobre\/","og_site_name":"Pavita","article_modified_time":"2025-01-21T17:58:59+00:00","og_image":[{"url":"https:\/\/casadaessencia.com\/wp-content\/uploads\/2023\/04\/Pavita-Terapeuta-Meditacao-5-768x1152.webp","type":"","width":"","height":""}],"twitter_card":"summary_large_image","twitter_misc":{"Est. tempo de leitura":"3 minutos"},"schema":{"@context":"https:\/\/schema.org","@graph":[{"@type":"WebPage","@id":"https:\/\/casadaessencia.com\/pt_br\/sobre\/","url":"https:\/\/casadaessencia.com\/pt_br\/sobre\/","name":"Sobre - Pavita","isPartOf":{"@id":"https:\/\/casadaessencia.com\/pt_br\/#website"},"primaryImageOfPage":{"@id":"https:\/\/casadaessencia.com\/pt_br\/sobre\/#primaryimage"},"image":{"@id":"https:\/\/casadaessencia.com\/pt_br\/sobre\/#primaryimage"},"thumbnailUrl":"https:\/\/casadaessencia.com\/wp-content\/uploads\/2023\/04\/Pavita-Terapeuta-Meditacao-5-768x1152.webp","datePublished":"2023-04-17T11:26:38+00:00","dateModified":"2025-01-21T17:58:59+00:00","description":"Pavita \u00e9 uma psicoterapeuta corporal que trabalha com sess\u00f5es individuais e grupos com Bioenerg\u00e9tica, Self-Inquiry guiada e Medita\u00e7\u00e3o.","breadcrumb":{"@id":"https:\/\/casadaessencia.com\/pt_br\/sobre\/#breadcrumb"},"inLanguage":"pt-BR","potentialAction":[{"@type":"ReadAction","target":["https:\/\/casadaessencia.com\/pt_br\/sobre\/"]}]},{"@type":"ImageObject","inLanguage":"pt-BR","@id":"https:\/\/casadaessencia.com\/pt_br\/sobre\/#primaryimage","url":"https:\/\/casadaessencia.com\/wp-content\/uploads\/2023\/04\/Pavita-Terapeuta-Meditacao-5-768x1152.webp","contentUrl":"https:\/\/casadaessencia.com\/wp-content\/uploads\/2023\/04\/Pavita-Terapeuta-Meditacao-5-768x1152.webp"},{"@type":"BreadcrumbList","@id":"https:\/\/casadaessencia.com\/pt_br\/sobre\/#breadcrumb","itemListElement":[{"@type":"ListItem","position":1,"name":"In\u00edcio","item":"https:\/\/casadaessencia.com\/"},{"@type":"ListItem","position":2,"name":"Sobre"}]},{"@type":"WebSite","@id":"https:\/\/casadaessencia.com\/pt_br\/#website","url":"https:\/\/casadaessencia.com\/pt_br\/","name":"Pavita","description":"aventuras de auto-descoberta","publisher":{"@id":"https:\/\/casadaessencia.com\/pt_br\/#organization"},"potentialAction":[{"@type":"SearchAction","target":{"@type":"EntryPoint","urlTemplate":"https:\/\/casadaessencia.com\/pt_br\/?s={search_term_string}"},"query-input":{"@type":"PropertyValueSpecification","valueRequired":true,"valueName":"search_term_string"}}],"inLanguage":"pt-BR"},{"@type":"Organization","@id":"https:\/\/casadaessencia.com\/pt_br\/#organization","name":"Pavita","url":"https:\/\/casadaessencia.com\/pt_br\/","logo":{"@type":"ImageObject","inLanguage":"pt-BR","@id":"https:\/\/casadaessencia.com\/pt_br\/#\/schema\/logo\/image\/","url":"https:\/\/casadaessencia.com\/wp-content\/uploads\/2023\/02\/Logo-Pavita.webp","contentUrl":"https:\/\/casadaessencia.com\/wp-content\/uploads\/2023\/02\/Logo-Pavita.webp","width":400,"height":150,"caption":"Pavita"},"image":{"@id":"https:\/\/casadaessencia.com\/pt_br\/#\/schema\/logo\/image\/"}}]}},"_hostinger_reach_plugin_has_subscription_block":false,"_hostinger_reach_plugin_is_elementor":false,"_links":{"self":[{"href":"https:\/\/casadaessencia.com\/pt_br\/wp-json\/wp\/v2\/pages\/16","targetHints":{"allow":["GET"]}}],"collection":[{"href":"https:\/\/casadaessencia.com\/pt_br\/wp-json\/wp\/v2\/pages"}],"about":[{"href":"https:\/\/casadaessencia.com\/pt_br\/wp-json\/wp\/v2\/types\/page"}],"author":[{"embeddable":true,"href":"https:\/\/casadaessencia.com\/pt_br\/wp-json\/wp\/v2\/users\/1"}],"replies":[{"embeddable":true,"href":"https:\/\/casadaessencia.com\/pt_br\/wp-json\/wp\/v2\/comments?post=16"}],"version-history":[{"count":7,"href":"https:\/\/casadaessencia.com\/pt_br\/wp-json\/wp\/v2\/pages\/16\/revisions"}],"predecessor-version":[{"id":1467,"href":"https:\/\/casadaessencia.com\/pt_br\/wp-json\/wp\/v2\/pages\/16\/revisions\/1467"}],"wp:attachment":[{"href":"https:\/\/casadaessencia.com\/pt_br\/wp-json\/wp\/v2\/media?parent=16"}],"curies":[{"name":"wp","href":"https:\/\/api.w.org\/{rel}","templated":true}]}}