{"id":20,"date":"2023-04-17T08:27:13","date_gmt":"2023-04-17T11:27:13","guid":{"rendered":"https:\/\/casadaessencia.com\/?page_id=20"},"modified":"2023-12-14T10:09:19","modified_gmt":"2023-12-14T13:09:19","slug":"meditacao","status":"publish","type":"page","link":"https:\/\/casadaessencia.com\/en\/meditacao\/","title":{"rendered":"Meditation"},"content":{"rendered":"<div data-elementor-type=\"wp-page\" data-elementor-id=\"20\" class=\"elementor elementor-20\">\n\t\t\t\t<div class=\"elementor-element elementor-element-2299ece e-flex e-con-boxed e-con e-parent\" data-id=\"2299ece\" data-element_type=\"container\" data-e-type=\"container\">\n\t\t\t\t\t<div class=\"e-con-inner\">\n\t\t<div class=\"elementor-element elementor-element-0ad748f e-flex e-con-boxed e-con e-child\" data-id=\"0ad748f\" data-element_type=\"container\" data-e-type=\"container\">\n\t\t\t\t\t<div class=\"e-con-inner\">\n\t\t\t\t<div class=\"elementor-element elementor-element-91230c7 elementor-widget elementor-widget-text-editor\" data-id=\"91230c7\" data-element_type=\"widget\" data-e-type=\"widget\" data-widget_type=\"text-editor.default\">\n\t\t\t\t<div class=\"elementor-widget-container\">\n\t\t\t\t\t\t\t\t\t<p>For over 30 years, meditation has worked miracles in my life. When I first came into contact with meditation at the age of 20, life was dull. I was in the last year of college, already working and earning my money, dating the guy who was going to be the father of my children, with the \u201cgolden\u201d future all planned and on course... and I felt empty. My life seemed to be successful in all areas and I just asked myself \u201cso this is it?\u201d. As in the song by Raul Seixas, \u201cI should be happy for having conquered everything I wanted but I confess to my astonishment that I'm disappointed...\u201d, I couldn't believe that life was just that. And if it were, how boring! And this divine restlessness led me to explore paths that were unusual for me until then. And meditation was one of them.<\/p><p>First experience was with the active meditations. I was very impressed because, before they took me to relaxation and connection with the potent silence inside me, they turned me inside out, messing with my body, my feelings, all my energy! It was like shaking me out of a skin that until then I believed was mine to stay there, with my soul naked and very alive.\nSo meditation came to me as a way to reveal reality. And the way to do that was to peel away everything that isn't real. Easier said than done, because our artificial ways of dealing with life stick to us, becoming a kind of second skin, which is why we have to peel it off.<\/p><p>Soon after, I also came into contact with passive techniques, like Zazen and Vipassana. I loved that too. In another way, they also invite us to give up, they also \u201cpeel\u201d. When sitting in silence, many internal noises arise, from the body, thoughts, emotions... and these noises are very seductive (even the unpleasant ones), it's easy to get lost in them. Watching this chaotic merry-go-round of distractions without being abducted by it is a great challenge, and a blessing.<\/p><p>I was delighted to discover how relative time was when I was meditating, how my mind was able to have much more clarity and focus and how I no longer became hostage to my emotions so easily.<\/p>\t\t\t\t\t\t\t\t<\/div>\n\t\t\t\t<\/div>\n\t\t\t\t<div class=\"elementor-element elementor-element-571b0f0 elementor-widget elementor-widget-heading\" data-id=\"571b0f0\" data-element_type=\"widget\" data-e-type=\"widget\" data-widget_type=\"heading.default\">\n\t\t\t\t<div class=\"elementor-widget-container\">\n\t\t\t\t\t<h4 class=\"elementor-heading-title elementor-size-default\">And that's it, meditation became an indispensable tool in this adventure of life. <\/h4>\t\t\t\t<\/div>\n\t\t\t\t<\/div>\n\t\t\t\t<div class=\"elementor-element elementor-element-8770411 elementor-widget elementor-widget-text-editor\" data-id=\"8770411\" data-element_type=\"widget\" data-e-type=\"widget\" data-widget_type=\"text-editor.default\">\n\t\t\t\t<div class=\"elementor-widget-container\">\n\t\t\t\t\t\t\t\t\t<p>It seems difficult to meditate, but it doesn't have to be. In any meditation technique, active or passive, we are invited to let go of habitual patterns of thinking, feeling, acting. Back to a childlike innocence, but not childish at all, where there is openness to connect with the present moment.<\/p><p>Where we are available to experience reality with all its surprises and power. And this is all very logical, after all, it is not by repeating the known paths that we will discover new landscapes. And life is always offering new landscapes, despite our stubbornness in staying on the same paths.<\/p>\t\t\t\t\t\t\t\t<\/div>\n\t\t\t\t<\/div>\n\t\t\t\t<div class=\"elementor-element elementor-element-eed732a elementor-widget elementor-widget-heading\" data-id=\"eed732a\" data-element_type=\"widget\" data-e-type=\"widget\" data-widget_type=\"heading.default\">\n\t\t\t\t<div class=\"elementor-widget-container\">\n\t\t\t\t\t<h3 class=\"elementor-heading-title elementor-size-default\">Active Meditations<\/h3>\t\t\t\t<\/div>\n\t\t\t\t<\/div>\n\t\t\t\t<div class=\"elementor-element elementor-element-a9bb639 elementor-widget elementor-widget-text-editor\" data-id=\"a9bb639\" data-element_type=\"widget\" data-e-type=\"widget\" data-widget_type=\"text-editor.default\">\n\t\t\t\t<div class=\"elementor-widget-container\">\n\t\t\t\t\t\t\t\t\t<p>Created by the Indian master Osho, they aim to help people to silence. If you've ever tried silent meditation, you'll know how difficult it is to quiet your head and body for even a few minutes.<\/p><p>Thoughts seem like a heavy metal band in a chaotic concert, the body seems to remember all the possibilities of physical pain available and suddenly sitting and doing nothing becomes the worst punishment I've ever experienced... That's why they are called active meditations: they start with action, movement, space for our inner noise.<\/p><p>Focusing on a specific movement, we don't \"force\" the body and the head to stop, we just direct that energy to an action that is not determined by the ego. With this little trick it's easier to relax and silence later, which is the continuation of all active meditations.<\/p><p>Each technique has its own way of doing this, so it's good to know several, until you find the one that you identify with the most, which can also vary in different moments.<\/p><p>The first active meditation I ever did was Dynamic Meditation. I had an intense start, whoever has done it, knows. The \u201cDynamic\u201d is an energetic tsunami that leaves no stone unturned in our \u201cneurotic organization\u201d \u2013 if we surrender to it. And I surrendered completely to that first Dynamic. Dynamic Meditation is the Active Meditation technique that I consider the most intense and radical and I think many people agree with me. It's not nice and easy... it requires all our energy and, for that very reason, puts us in touch with our energy and with the blockages to access it. Because it is so strong for the body and for the feelings, we have to assess whether we can handle the bump - if the body and mind are ready to face the adventure. And once they are, we go for it like there's no tomorrow, because we end up discovering that there really isn't, there's only here, now.<\/p><p>There are many other Active Meditation techniques. On the osho.com page you will find explanations for each one. Songs are available on Spotify.<\/p>\t\t\t\t\t\t\t\t<\/div>\n\t\t\t\t<\/div>\n\t\t\t\t\t<\/div>\n\t\t\t\t<\/div>\n\t\t\t\t<div class=\"elementor-element elementor-element-bf3c283 elementor-widget elementor-widget-heading\" data-id=\"bf3c283\" data-element_type=\"widget\" data-e-type=\"widget\" data-widget_type=\"heading.default\">\n\t\t\t\t<div class=\"elementor-widget-container\">\n\t\t\t\t\t<h3 class=\"elementor-heading-title elementor-size-default\">Guided Meditations<\/h3>\t\t\t\t<\/div>\n\t\t\t\t<\/div>\n\t\t\t\t<div class=\"elementor-element elementor-element-dfa2f80 elementor-widget elementor-widget-text-editor\" data-id=\"dfa2f80\" data-element_type=\"widget\" data-e-type=\"widget\" data-widget_type=\"text-editor.default\">\n\t\t\t\t<div class=\"elementor-widget-container\">\n\t\t\t\t\t\t\t\t\t<p>If you need a guiding voice to help you find the silence inside, this is for you<\/p>\t\t\t\t\t\t\t\t<\/div>\n\t\t\t\t<\/div>\n\t\t<div class=\"elementor-element elementor-element-a9044f8 e-flex e-con-boxed e-con e-child\" data-id=\"a9044f8\" data-element_type=\"container\" data-e-type=\"container\">\n\t\t\t\t\t<div class=\"e-con-inner\">\n\t\t<div class=\"elementor-element elementor-element-cafbd01 e-flex e-con-boxed e-con e-child\" data-id=\"cafbd01\" data-element_type=\"container\" data-e-type=\"container\">\n\t\t\t\t\t<div class=\"e-con-inner\">\n\t\t\t\t\t<\/div>\n\t\t\t\t<\/div>\n\t\t<div class=\"elementor-element elementor-element-b3da9cf e-flex e-con-boxed e-con e-child\" data-id=\"b3da9cf\" data-element_type=\"container\" data-e-type=\"container\">\n\t\t\t\t\t<div class=\"e-con-inner\">\n\t\t\t\t\t<\/div>\n\t\t\t\t<\/div>\n\t\t<div class=\"elementor-element elementor-element-9fd0d67 e-flex e-con-boxed e-con e-child\" data-id=\"9fd0d67\" data-element_type=\"container\" data-e-type=\"container\">\n\t\t\t\t\t<div class=\"e-con-inner\">\n\t\t\t\t\t<\/div>\n\t\t\t\t<\/div>\n\t\t\t\t\t<\/div>\n\t\t\t\t<\/div>\n\t\t\t\t\t<\/div>\n\t\t\t\t<\/div>\n\t\t\t\t<\/div>","protected":false},"excerpt":{"rendered":"<p>H\u00e1 mais de 30 anos a medita\u00e7\u00e3o faz milagres na minha vida. Quando eu entrei em contato com a medita\u00e7\u00e3o, aos 20 anos, a vida estava sem gra\u00e7a. Estava no [&hellip;]<\/p>\n","protected":false},"author":1,"featured_media":0,"parent":0,"menu_order":0,"comment_status":"closed","ping_status":"closed","template":"elementor_header_footer","meta":{"_joinchat":[],"footnotes":"","_links_to":"","_links_to_target":""},"class_list":["post-20","page","type-page","status-publish","hentry"],"yoast_head":"<!-- This site is optimized with the Yoast SEO plugin v27.4 - https:\/\/yoast.com\/product\/yoast-seo-wordpress\/ -->\n<title>Medita\u00e7\u00e3o - Pavita<\/title>\n<meta name=\"robots\" content=\"index, follow, max-snippet:-1, max-image-preview:large, max-video-preview:-1\" \/>\n<link rel=\"canonical\" href=\"https:\/\/casadaessencia.com\/en\/meditacao\/\" \/>\n<meta property=\"og:locale\" content=\"en_US\" \/>\n<meta property=\"og:type\" content=\"article\" \/>\n<meta property=\"og:title\" content=\"Medita\u00e7\u00e3o - Pavita\" \/>\n<meta property=\"og:description\" content=\"H\u00e1 mais de 30 anos a medita\u00e7\u00e3o faz milagres na minha vida. Quando eu entrei em contato com a medita\u00e7\u00e3o, aos 20 anos, a vida estava sem gra\u00e7a. Estava no [&hellip;]\" \/>\n<meta property=\"og:url\" content=\"https:\/\/casadaessencia.com\/en\/meditacao\/\" \/>\n<meta property=\"og:site_name\" content=\"Pavita\" \/>\n<meta property=\"article:modified_time\" content=\"2023-12-14T13:09:19+00:00\" \/>\n<meta name=\"twitter:card\" content=\"summary_large_image\" \/>\n<meta name=\"twitter:label1\" content=\"Est. reading time\" \/>\n\t<meta name=\"twitter:data1\" content=\"5 minutes\" \/>\n<script type=\"application\/ld+json\" class=\"yoast-schema-graph\">{\"@context\":\"https:\\\/\\\/schema.org\",\"@graph\":[{\"@type\":\"WebPage\",\"@id\":\"https:\\\/\\\/casadaessencia.com\\\/meditacao\\\/\",\"url\":\"https:\\\/\\\/casadaessencia.com\\\/meditacao\\\/\",\"name\":\"Medita\u00e7\u00e3o - Pavita\",\"isPartOf\":{\"@id\":\"https:\\\/\\\/casadaessencia.com\\\/pt_br\\\/#website\"},\"datePublished\":\"2023-04-17T11:27:13+00:00\",\"dateModified\":\"2023-12-14T13:09:19+00:00\",\"breadcrumb\":{\"@id\":\"https:\\\/\\\/casadaessencia.com\\\/meditacao\\\/#breadcrumb\"},\"inLanguage\":\"en-US\",\"potentialAction\":[{\"@type\":\"ReadAction\",\"target\":[\"https:\\\/\\\/casadaessencia.com\\\/meditacao\\\/\"]}]},{\"@type\":\"BreadcrumbList\",\"@id\":\"https:\\\/\\\/casadaessencia.com\\\/meditacao\\\/#breadcrumb\",\"itemListElement\":[{\"@type\":\"ListItem\",\"position\":1,\"name\":\"In\u00edcio\",\"item\":\"https:\\\/\\\/casadaessencia.com\\\/\"},{\"@type\":\"ListItem\",\"position\":2,\"name\":\"Medita\u00e7\u00e3o\"}]},{\"@type\":\"WebSite\",\"@id\":\"https:\\\/\\\/casadaessencia.com\\\/pt_br\\\/#website\",\"url\":\"https:\\\/\\\/casadaessencia.com\\\/pt_br\\\/\",\"name\":\"Pavita\",\"description\":\"aventuras de auto-descoberta\",\"publisher\":{\"@id\":\"https:\\\/\\\/casadaessencia.com\\\/pt_br\\\/#organization\"},\"potentialAction\":[{\"@type\":\"SearchAction\",\"target\":{\"@type\":\"EntryPoint\",\"urlTemplate\":\"https:\\\/\\\/casadaessencia.com\\\/pt_br\\\/?s={search_term_string}\"},\"query-input\":{\"@type\":\"PropertyValueSpecification\",\"valueRequired\":true,\"valueName\":\"search_term_string\"}}],\"inLanguage\":\"en-US\"},{\"@type\":\"Organization\",\"@id\":\"https:\\\/\\\/casadaessencia.com\\\/pt_br\\\/#organization\",\"name\":\"Pavita\",\"url\":\"https:\\\/\\\/casadaessencia.com\\\/pt_br\\\/\",\"logo\":{\"@type\":\"ImageObject\",\"inLanguage\":\"en-US\",\"@id\":\"https:\\\/\\\/casadaessencia.com\\\/pt_br\\\/#\\\/schema\\\/logo\\\/image\\\/\",\"url\":\"https:\\\/\\\/casadaessencia.com\\\/wp-content\\\/uploads\\\/2023\\\/02\\\/Logo-Pavita.webp\",\"contentUrl\":\"https:\\\/\\\/casadaessencia.com\\\/wp-content\\\/uploads\\\/2023\\\/02\\\/Logo-Pavita.webp\",\"width\":400,\"height\":150,\"caption\":\"Pavita\"},\"image\":{\"@id\":\"https:\\\/\\\/casadaessencia.com\\\/pt_br\\\/#\\\/schema\\\/logo\\\/image\\\/\"}}]}<\/script>\n<!-- \/ Yoast SEO plugin. -->","yoast_head_json":{"title":"Medita\u00e7\u00e3o - Pavita","robots":{"index":"index","follow":"follow","max-snippet":"max-snippet:-1","max-image-preview":"max-image-preview:large","max-video-preview":"max-video-preview:-1"},"canonical":"https:\/\/casadaessencia.com\/en\/meditacao\/","og_locale":"en_US","og_type":"article","og_title":"Medita\u00e7\u00e3o - Pavita","og_description":"H\u00e1 mais de 30 anos a medita\u00e7\u00e3o faz milagres na minha vida. Quando eu entrei em contato com a medita\u00e7\u00e3o, aos 20 anos, a vida estava sem gra\u00e7a. Estava no [&hellip;]","og_url":"https:\/\/casadaessencia.com\/en\/meditacao\/","og_site_name":"Pavita","article_modified_time":"2023-12-14T13:09:19+00:00","twitter_card":"summary_large_image","twitter_misc":{"Est. reading time":"5 minutes"},"schema":{"@context":"https:\/\/schema.org","@graph":[{"@type":"WebPage","@id":"https:\/\/casadaessencia.com\/meditacao\/","url":"https:\/\/casadaessencia.com\/meditacao\/","name":"Medita\u00e7\u00e3o - Pavita","isPartOf":{"@id":"https:\/\/casadaessencia.com\/pt_br\/#website"},"datePublished":"2023-04-17T11:27:13+00:00","dateModified":"2023-12-14T13:09:19+00:00","breadcrumb":{"@id":"https:\/\/casadaessencia.com\/meditacao\/#breadcrumb"},"inLanguage":"en-US","potentialAction":[{"@type":"ReadAction","target":["https:\/\/casadaessencia.com\/meditacao\/"]}]},{"@type":"BreadcrumbList","@id":"https:\/\/casadaessencia.com\/meditacao\/#breadcrumb","itemListElement":[{"@type":"ListItem","position":1,"name":"In\u00edcio","item":"https:\/\/casadaessencia.com\/"},{"@type":"ListItem","position":2,"name":"Medita\u00e7\u00e3o"}]},{"@type":"WebSite","@id":"https:\/\/casadaessencia.com\/pt_br\/#website","url":"https:\/\/casadaessencia.com\/pt_br\/","name":"Pavita","description":"aventuras de auto-descoberta","publisher":{"@id":"https:\/\/casadaessencia.com\/pt_br\/#organization"},"potentialAction":[{"@type":"SearchAction","target":{"@type":"EntryPoint","urlTemplate":"https:\/\/casadaessencia.com\/pt_br\/?s={search_term_string}"},"query-input":{"@type":"PropertyValueSpecification","valueRequired":true,"valueName":"search_term_string"}}],"inLanguage":"en-US"},{"@type":"Organization","@id":"https:\/\/casadaessencia.com\/pt_br\/#organization","name":"Pavita","url":"https:\/\/casadaessencia.com\/pt_br\/","logo":{"@type":"ImageObject","inLanguage":"en-US","@id":"https:\/\/casadaessencia.com\/pt_br\/#\/schema\/logo\/image\/","url":"https:\/\/casadaessencia.com\/wp-content\/uploads\/2023\/02\/Logo-Pavita.webp","contentUrl":"https:\/\/casadaessencia.com\/wp-content\/uploads\/2023\/02\/Logo-Pavita.webp","width":400,"height":150,"caption":"Pavita"},"image":{"@id":"https:\/\/casadaessencia.com\/pt_br\/#\/schema\/logo\/image\/"}}]}},"_hostinger_reach_plugin_has_subscription_block":false,"_hostinger_reach_plugin_is_elementor":false,"_links":{"self":[{"href":"https:\/\/casadaessencia.com\/en\/wp-json\/wp\/v2\/pages\/20","targetHints":{"allow":["GET"]}}],"collection":[{"href":"https:\/\/casadaessencia.com\/en\/wp-json\/wp\/v2\/pages"}],"about":[{"href":"https:\/\/casadaessencia.com\/en\/wp-json\/wp\/v2\/types\/page"}],"author":[{"embeddable":true,"href":"https:\/\/casadaessencia.com\/en\/wp-json\/wp\/v2\/users\/1"}],"replies":[{"embeddable":true,"href":"https:\/\/casadaessencia.com\/en\/wp-json\/wp\/v2\/comments?post=20"}],"version-history":[{"count":18,"href":"https:\/\/casadaessencia.com\/en\/wp-json\/wp\/v2\/pages\/20\/revisions"}],"predecessor-version":[{"id":1258,"href":"https:\/\/casadaessencia.com\/en\/wp-json\/wp\/v2\/pages\/20\/revisions\/1258"}],"wp:attachment":[{"href":"https:\/\/casadaessencia.com\/en\/wp-json\/wp\/v2\/media?parent=20"}],"curies":[{"name":"wp","href":"https:\/\/api.w.org\/{rel}","templated":true}]}}