{"id":18,"date":"2023-04-17T08:26:58","date_gmt":"2023-04-17T11:26:58","guid":{"rendered":"https:\/\/casadaessencia.com\/?page_id=18"},"modified":"2023-09-18T11:54:50","modified_gmt":"2023-09-18T14:54:50","slug":"bioinquiry","status":"publish","type":"page","link":"https:\/\/casadaessencia.com\/en\/bioinquiry\/","title":{"rendered":"Bioinquiry"},"content":{"rendered":"<div data-elementor-type=\"wp-page\" data-elementor-id=\"18\" class=\"elementor elementor-18\">\n\t\t\t\t<div class=\"elementor-element elementor-element-5a3d5f2 e-flex e-con-boxed e-con e-parent\" data-id=\"5a3d5f2\" data-element_type=\"container\" data-e-type=\"container\">\n\t\t\t\t\t<div class=\"e-con-inner\">\n\t\t\t\t<div class=\"elementor-element elementor-element-d6131e6 elementor-widget elementor-widget-heading\" data-id=\"d6131e6\" data-element_type=\"widget\" data-e-type=\"widget\" data-widget_type=\"heading.default\">\n\t\t\t\t<div class=\"elementor-widget-container\">\n\t\t\t\t\t<h3 class=\"elementor-heading-title elementor-size-default\">Inquiry<\/h3>\t\t\t\t<\/div>\n\t\t\t\t<\/div>\n\t\t\t\t<div class=\"elementor-element elementor-element-e61ec07 elementor-widget elementor-widget-text-editor\" data-id=\"e61ec07\" data-element_type=\"widget\" data-e-type=\"widget\" data-widget_type=\"text-editor.default\">\n\t\t\t\t<div class=\"elementor-widget-container\">\n\t\t\t\t\t\t\t\t\t<p>What do I mean by inquiry? Questioning... research... investigation... any of these terms will do, as long as they do not evoke the exclusive action of the intellect. Because inquiry, like meditation (its close cousin), is not exclusive. It's a process of silencing the mental noise and delving into deeper sources of information available to us.<\/p><p>For this, we connect with the body, sensations, movements and perceptions that are present at this moment. Want a taste? Stop for a little while and bring your attention inside your body. See what are the first things you notice. It's usually tensions and discomfort, but not necessarily. Now continue with your attention there, in your body. Do you notice more subtle sensations, such as the movement of breathing, what does it feel like when air enters? Where does it move? And when does it leave? Do you feel any movement in your belly? And in the pelvis? Do you feel your feet? How's the neck? And how does it feel inside your mouth? Is your face relaxed? <br \/>We can discover a lot of information just by bringing attention to the body. And it is also there, in the body, that we will perceive feelings. With practice, it becomes very easy to connect with fear, sadness, anger, as well as joy, lust, love... And feelings are never an end in themselves, they are always doors that lead us to understand and transmute something. In the process of the assisted Inquiry, this transmutation is completely your personal work, where I'm just going to give you a hand to continue on the path of exploring, investigating, inquiring.<\/p><p>And in this fertile path there are also images, memories, ideas that, in turn, open up more sensations, feelings... It is an instigating walk that challenges us to let go of stagnant concepts and emotions to flow with the truth that presents itself to us. every moment. <\/p>\t\t\t\t\t\t\t\t<\/div>\n\t\t\t\t<\/div>\n\t\t\t\t<div class=\"elementor-element elementor-element-d0567c2 elementor-widget elementor-widget-heading\" data-id=\"d0567c2\" data-element_type=\"widget\" data-e-type=\"widget\" data-widget_type=\"heading.default\">\n\t\t\t\t<div class=\"elementor-widget-container\">\n\t\t\t\t\t<h3 class=\"elementor-heading-title elementor-size-default\">Bioenergetics<\/h3>\t\t\t\t<\/div>\n\t\t\t\t<\/div>\n\t\t\t\t<div class=\"elementor-element elementor-element-bbdab70 elementor-widget elementor-widget-text-editor\" data-id=\"bbdab70\" data-element_type=\"widget\" data-e-type=\"widget\" data-widget_type=\"text-editor.default\">\n\t\t\t\t<div class=\"elementor-widget-container\">\n\t\t\t\t\t\t\t\t\t<p>It turns out that stagnation is often very well stored in chronic tensions in our bodies, which make it almost impossible to access that content. This is where Bioenergetics comes in.<\/p><p>Bioenergetics is the most effective tool I have found in this life to get in touch with these tensions and release them. This process involves finding feelings trapped in tensions, which usually originate from times when we don't feel safe feeling or expressing what we felt. For example, a child who feels angry with their father or mother for not receiving attention from them, but fears losing the little attention he receives if he expresses his anger, will repress it, contracting the muscles of his jaw, neck, shoulders, in an attempt to of the body of holding back that scream or bite or punch that they wanted to throw. In the same way, a child who is spanked by his parents, or is intimidated by verbal aggression, or even by very high demands, will avoid these hostile feelings so as not to increase the sense of risk.<\/p><p>We all accumulate stored feelings. Not just anger, but crying, fear, sexual desire... many can be the feelings that at some point were perceived by us as a threat. And sometimes that feeling of threat was very close to the reality of the situation, as in the case of children who suffered physical abuse.<\/p><p>Bioenergetics helps to update this distorted record of reality. Because this threat of \u201closing the love\u201d of the parents is recorded in this body that freezes this experience in itself, so that we become adults afraid of \u201closing the love\u201d of a partner, for example, which can create a lot of difficulties in relating. And the list of limitations is long, including distortions in the relationship with power, money, creativity, motherhood, fatherhood, self-esteem, etc.<\/p><p>Through body exercises we access these chronic tensions and the feelings contained in them, so that they can be released and this stagnant energy flows again, opening the way for new forms of dealing with situations.<\/p><p>It is not about getting rid of feelings, as they all have a role to play, but about establishing a new relationship with them, listening to them instead of fearing them. Integrating what we feel opens up a powerful, creative and fluid intelligence, which deals with reality from the present moment, not through pre-established paths.<\/p><p>It is a challenging, enchanting and profound journey, the encounter with ourselves.<\/p>\t\t\t\t\t\t\t\t<\/div>\n\t\t\t\t<\/div>\n\t\t\t\t<div class=\"elementor-element elementor-element-6e5e68b elementor-widget elementor-widget-heading\" data-id=\"6e5e68b\" data-element_type=\"widget\" data-e-type=\"widget\" data-widget_type=\"heading.default\">\n\t\t\t\t<div class=\"elementor-widget-container\">\n\t\t\t\t\t<h4 class=\"elementor-heading-title elementor-size-default\">To experience a Bioinquiry session<\/h4>\t\t\t\t<\/div>\n\t\t\t\t<\/div>\n\t\t\t\t<div class=\"elementor-element elementor-element-b965e17 elementor-align-center elementor-widget elementor-widget-button\" data-id=\"b965e17\" data-element_type=\"widget\" data-e-type=\"widget\" data-widget_type=\"button.default\">\n\t\t\t\t<div class=\"elementor-widget-container\">\n\t\t\t\t\t\t\t\t\t<div class=\"elementor-button-wrapper\">\n\t\t\t\t\t<a class=\"elementor-button elementor-button-link elementor-size-sm\" href=\"https:\/\/docs.google.com\/forms\/d\/e\/1FAIpQLSc2k-WVX63pZKGFC9AOfVudlkJ6dLZa2XI-Kkv5pGkduBRyMQ\/viewform?usp=sf_link\">\n\t\t\t\t\t\t<span class=\"elementor-button-content-wrapper\">\n\t\t\t\t\t\t<span class=\"elementor-button-icon\">\n\t\t\t\t<svg aria-hidden=\"true\" class=\"e-font-icon-svg e-fab-wpforms\" viewbox=\"0 0 448 512\" xmlns=\"http:\/\/www.w3.org\/2000\/svg\"><path d=\"M448 75.2v361.7c0 24.3-19 43.2-43.2 43.2H43.2C19.3 480 0 461.4 0 436.8V75.2C0 51.1 18.8 32 43.2 32h361.7c24 0 43.1 18.8 43.1 43.2zm-37.3 361.6V75.2c0-3-2.6-5.8-5.8-5.8h-9.3L285.3 144 224 94.1 162.8 144 52.5 69.3h-9.3c-3.2 0-5.8 2.8-5.8 5.8v361.7c0 3 2.6 5.8 5.8 5.8h361.7c3.2.1 5.8-2.7 5.8-5.8zM150.2 186v37H76.7v-37h73.5zm0 74.4v37.3H76.7v-37.3h73.5zm11.1-147.3l54-43.7H96.8l64.5 43.7zm210 72.9v37h-196v-37h196zm0 74.4v37.3h-196v-37.3h196zm-84.6-147.3l64.5-43.7H232.8l53.9 43.7zM371.3 335v37.3h-99.4V335h99.4z\"><\/path><\/svg>\t\t\t<\/span>\n\t\t\t\t\t\t\t\t\t<span class=\"elementor-button-text\">fill in the registration form<\/span>\n\t\t\t\t\t<\/span>\n\t\t\t\t\t<\/a>\n\t\t\t\t<\/div>\n\t\t\t\t\t\t\t\t<\/div>\n\t\t\t\t<\/div>\n\t\t\t\t\t<\/div>\n\t\t\t\t<\/div>\n\t\t\t\t<\/div>","protected":false},"excerpt":{"rendered":"<p>Inquiry Tenho tentado achar um termo em portugu\u00eas pra traduzir inquiry. Questionamento&#8230; pergunta&#8230; pesquisa&#8230; indaga\u00e7\u00e3o&#8230; investiga\u00e7\u00e3o&#8230; seria algo por a\u00ed, desde que estes termos n\u00e3o evoquem a a\u00e7\u00e3o exclusiva do [&hellip;]<\/p>\n","protected":false},"author":1,"featured_media":0,"parent":0,"menu_order":0,"comment_status":"closed","ping_status":"closed","template":"elementor_header_footer","meta":{"_joinchat":[],"footnotes":"","_links_to":"","_links_to_target":""},"class_list":["post-18","page","type-page","status-publish","hentry"],"yoast_head":"<!-- This site is optimized with the Yoast SEO plugin v27.4 - https:\/\/yoast.com\/product\/yoast-seo-wordpress\/ -->\n<title>Bioinquiry - Pavita<\/title>\n<meta name=\"description\" content=\"A Bioinquiry \u00e9 uma abordagem de autoconhecimento que une a Bioenerg\u00e9tica e a Self-Inquiry: exerc\u00edcios corporais e aten\u00e7\u00e3o plena guiada.\" \/>\n<meta name=\"robots\" content=\"index, follow, max-snippet:-1, max-image-preview:large, max-video-preview:-1\" \/>\n<link rel=\"canonical\" href=\"https:\/\/casadaessencia.com\/en\/bioinquiry\/\" \/>\n<meta property=\"og:locale\" content=\"en_US\" \/>\n<meta property=\"og:type\" content=\"article\" \/>\n<meta property=\"og:title\" content=\"Bioinquiry - Pavita\" \/>\n<meta property=\"og:description\" content=\"A Bioinquiry \u00e9 uma abordagem de autoconhecimento que une a Bioenerg\u00e9tica e a Self-Inquiry: exerc\u00edcios corporais e aten\u00e7\u00e3o plena guiada.\" \/>\n<meta property=\"og:url\" content=\"https:\/\/casadaessencia.com\/en\/bioinquiry\/\" \/>\n<meta property=\"og:site_name\" content=\"Pavita\" \/>\n<meta property=\"article:modified_time\" content=\"2023-09-18T14:54:50+00:00\" \/>\n<meta name=\"twitter:card\" content=\"summary_large_image\" \/>\n<meta name=\"twitter:label1\" content=\"Est. reading time\" \/>\n\t<meta name=\"twitter:data1\" content=\"4 minutes\" \/>\n<script type=\"application\/ld+json\" class=\"yoast-schema-graph\">{\"@context\":\"https:\\\/\\\/schema.org\",\"@graph\":[{\"@type\":\"WebPage\",\"@id\":\"https:\\\/\\\/casadaessencia.com\\\/bioinquiry\\\/\",\"url\":\"https:\\\/\\\/casadaessencia.com\\\/bioinquiry\\\/\",\"name\":\"Bioinquiry - Pavita\",\"isPartOf\":{\"@id\":\"https:\\\/\\\/casadaessencia.com\\\/pt_br\\\/#website\"},\"datePublished\":\"2023-04-17T11:26:58+00:00\",\"dateModified\":\"2023-09-18T14:54:50+00:00\",\"description\":\"A Bioinquiry \u00e9 uma abordagem de autoconhecimento que une a Bioenerg\u00e9tica e a Self-Inquiry: exerc\u00edcios corporais e aten\u00e7\u00e3o plena guiada.\",\"breadcrumb\":{\"@id\":\"https:\\\/\\\/casadaessencia.com\\\/bioinquiry\\\/#breadcrumb\"},\"inLanguage\":\"en-US\",\"potentialAction\":[{\"@type\":\"ReadAction\",\"target\":[\"https:\\\/\\\/casadaessencia.com\\\/bioinquiry\\\/\"]}]},{\"@type\":\"BreadcrumbList\",\"@id\":\"https:\\\/\\\/casadaessencia.com\\\/bioinquiry\\\/#breadcrumb\",\"itemListElement\":[{\"@type\":\"ListItem\",\"position\":1,\"name\":\"In\u00edcio\",\"item\":\"https:\\\/\\\/casadaessencia.com\\\/\"},{\"@type\":\"ListItem\",\"position\":2,\"name\":\"Bioinquiry\"}]},{\"@type\":\"WebSite\",\"@id\":\"https:\\\/\\\/casadaessencia.com\\\/pt_br\\\/#website\",\"url\":\"https:\\\/\\\/casadaessencia.com\\\/pt_br\\\/\",\"name\":\"Pavita\",\"description\":\"aventuras de auto-descoberta\",\"publisher\":{\"@id\":\"https:\\\/\\\/casadaessencia.com\\\/pt_br\\\/#organization\"},\"potentialAction\":[{\"@type\":\"SearchAction\",\"target\":{\"@type\":\"EntryPoint\",\"urlTemplate\":\"https:\\\/\\\/casadaessencia.com\\\/pt_br\\\/?s={search_term_string}\"},\"query-input\":{\"@type\":\"PropertyValueSpecification\",\"valueRequired\":true,\"valueName\":\"search_term_string\"}}],\"inLanguage\":\"en-US\"},{\"@type\":\"Organization\",\"@id\":\"https:\\\/\\\/casadaessencia.com\\\/pt_br\\\/#organization\",\"name\":\"Pavita\",\"url\":\"https:\\\/\\\/casadaessencia.com\\\/pt_br\\\/\",\"logo\":{\"@type\":\"ImageObject\",\"inLanguage\":\"en-US\",\"@id\":\"https:\\\/\\\/casadaessencia.com\\\/pt_br\\\/#\\\/schema\\\/logo\\\/image\\\/\",\"url\":\"https:\\\/\\\/casadaessencia.com\\\/wp-content\\\/uploads\\\/2023\\\/02\\\/Logo-Pavita.webp\",\"contentUrl\":\"https:\\\/\\\/casadaessencia.com\\\/wp-content\\\/uploads\\\/2023\\\/02\\\/Logo-Pavita.webp\",\"width\":400,\"height\":150,\"caption\":\"Pavita\"},\"image\":{\"@id\":\"https:\\\/\\\/casadaessencia.com\\\/pt_br\\\/#\\\/schema\\\/logo\\\/image\\\/\"}}]}<\/script>\n<!-- \/ Yoast SEO plugin. -->","yoast_head_json":{"title":"Bioinquiry - Pavita","description":"A Bioinquiry \u00e9 uma abordagem de autoconhecimento que une a Bioenerg\u00e9tica e a Self-Inquiry: exerc\u00edcios corporais e aten\u00e7\u00e3o plena guiada.","robots":{"index":"index","follow":"follow","max-snippet":"max-snippet:-1","max-image-preview":"max-image-preview:large","max-video-preview":"max-video-preview:-1"},"canonical":"https:\/\/casadaessencia.com\/en\/bioinquiry\/","og_locale":"en_US","og_type":"article","og_title":"Bioinquiry - Pavita","og_description":"A Bioinquiry \u00e9 uma abordagem de autoconhecimento que une a Bioenerg\u00e9tica e a Self-Inquiry: exerc\u00edcios corporais e aten\u00e7\u00e3o plena guiada.","og_url":"https:\/\/casadaessencia.com\/en\/bioinquiry\/","og_site_name":"Pavita","article_modified_time":"2023-09-18T14:54:50+00:00","twitter_card":"summary_large_image","twitter_misc":{"Est. reading time":"4 minutes"},"schema":{"@context":"https:\/\/schema.org","@graph":[{"@type":"WebPage","@id":"https:\/\/casadaessencia.com\/bioinquiry\/","url":"https:\/\/casadaessencia.com\/bioinquiry\/","name":"Bioinquiry - Pavita","isPartOf":{"@id":"https:\/\/casadaessencia.com\/pt_br\/#website"},"datePublished":"2023-04-17T11:26:58+00:00","dateModified":"2023-09-18T14:54:50+00:00","description":"A Bioinquiry \u00e9 uma abordagem de autoconhecimento que une a Bioenerg\u00e9tica e a Self-Inquiry: exerc\u00edcios corporais e aten\u00e7\u00e3o plena guiada.","breadcrumb":{"@id":"https:\/\/casadaessencia.com\/bioinquiry\/#breadcrumb"},"inLanguage":"en-US","potentialAction":[{"@type":"ReadAction","target":["https:\/\/casadaessencia.com\/bioinquiry\/"]}]},{"@type":"BreadcrumbList","@id":"https:\/\/casadaessencia.com\/bioinquiry\/#breadcrumb","itemListElement":[{"@type":"ListItem","position":1,"name":"In\u00edcio","item":"https:\/\/casadaessencia.com\/"},{"@type":"ListItem","position":2,"name":"Bioinquiry"}]},{"@type":"WebSite","@id":"https:\/\/casadaessencia.com\/pt_br\/#website","url":"https:\/\/casadaessencia.com\/pt_br\/","name":"Pavita","description":"aventuras de auto-descoberta","publisher":{"@id":"https:\/\/casadaessencia.com\/pt_br\/#organization"},"potentialAction":[{"@type":"SearchAction","target":{"@type":"EntryPoint","urlTemplate":"https:\/\/casadaessencia.com\/pt_br\/?s={search_term_string}"},"query-input":{"@type":"PropertyValueSpecification","valueRequired":true,"valueName":"search_term_string"}}],"inLanguage":"en-US"},{"@type":"Organization","@id":"https:\/\/casadaessencia.com\/pt_br\/#organization","name":"Pavita","url":"https:\/\/casadaessencia.com\/pt_br\/","logo":{"@type":"ImageObject","inLanguage":"en-US","@id":"https:\/\/casadaessencia.com\/pt_br\/#\/schema\/logo\/image\/","url":"https:\/\/casadaessencia.com\/wp-content\/uploads\/2023\/02\/Logo-Pavita.webp","contentUrl":"https:\/\/casadaessencia.com\/wp-content\/uploads\/2023\/02\/Logo-Pavita.webp","width":400,"height":150,"caption":"Pavita"},"image":{"@id":"https:\/\/casadaessencia.com\/pt_br\/#\/schema\/logo\/image\/"}}]}},"_hostinger_reach_plugin_has_subscription_block":false,"_hostinger_reach_plugin_is_elementor":false,"_links":{"self":[{"href":"https:\/\/casadaessencia.com\/en\/wp-json\/wp\/v2\/pages\/18","targetHints":{"allow":["GET"]}}],"collection":[{"href":"https:\/\/casadaessencia.com\/en\/wp-json\/wp\/v2\/pages"}],"about":[{"href":"https:\/\/casadaessencia.com\/en\/wp-json\/wp\/v2\/types\/page"}],"author":[{"embeddable":true,"href":"https:\/\/casadaessencia.com\/en\/wp-json\/wp\/v2\/users\/1"}],"replies":[{"embeddable":true,"href":"https:\/\/casadaessencia.com\/en\/wp-json\/wp\/v2\/comments?post=18"}],"version-history":[{"count":1,"href":"https:\/\/casadaessencia.com\/en\/wp-json\/wp\/v2\/pages\/18\/revisions"}],"predecessor-version":[{"id":1192,"href":"https:\/\/casadaessencia.com\/en\/wp-json\/wp\/v2\/pages\/18\/revisions\/1192"}],"wp:attachment":[{"href":"https:\/\/casadaessencia.com\/en\/wp-json\/wp\/v2\/media?parent=18"}],"curies":[{"name":"wp","href":"https:\/\/api.w.org\/{rel}","templated":true}]}}